{"id":17138,"date":"2024-02-05T11:01:14","date_gmt":"2024-02-05T08:01:14","guid":{"rendered":"https:\/\/nirigs.com\/product\/serum-almond-marshmallow-hydration\/"},"modified":"2026-03-04T21:11:00","modified_gmt":"2026-03-04T18:11:00","slug":"serum-almond-marshmallow-hydration","status":"publish","type":"product","link":"https:\/\/nirigs.com\/ar\/product\/serum-almond-marshmallow-hydration\/","title":{"rendered":"Eden Bodyworks &#8211; S\u00e9rum Hydratation Amande Guimauve &#8211; 236 ml"},"content":{"rendered":"<p>Le s\u00e9rum hydratant \u00e0 l&rsquo;amande est un produit de coiffage l\u00e9ger pour vos cheveux. Gr\u00e2ce \u00e0 l&rsquo;huile d&rsquo;amande douce et \u00e0 la racine de mauve, il procure une hydratation exceptionnelle et, en prime, il sent bon. Lisse, scelle l&rsquo;hydratation des cheveux et les prot\u00e8ge contre les agressions. Apporte brillance et d\u00e9finition.<\/p>\n<ul>\n<li>Lisse les pointes fourchues et les cheveux.<\/li>\n<li>Augmente le niveau d&rsquo;hydratation pour combattre la s\u00e9cheresse des cheveux.<\/li>\n<li>Il apporte de la brillance aux cheveux et favorise la d\u00e9finition des boucles.<\/li>\n<li>Prot\u00e8ge contre la pollution quotidienne.<\/li>\n<\/ul>\n<h4><strong>\u064a\u0633\u062a\u062e\u062f\u0645\u00a0<\/strong><\/h4>\n<ul>\n<li>Appliquer sur les cheveux mouill\u00e9s (ou humides), des racines aux pointes.<\/li>\n<li>Conditionner les cheveux si n\u00e9cessaire.<\/li>\n<li>Pour usage externe uniquement. \u00c9viter tout contact avec les yeux. Recycler les emballages vides.<\/li>\n<\/ul>\n<h4><strong>\u0645\u0643\u0648\u0646\u0627\u062a\u00a0<\/strong><\/h4>\n<p>Eau (Aqua), Glyc\u00e9rine, Polysorbate 20, Sorbitol, Fragrance (Parfum), Prunus Amygdalus Dulcis (Huile d&rsquo;amande douce), Althaea Officinalis (Extrait de racine de guimauve), Aloe Barbadensis (Jus de feuille d&rsquo;Aloe Vera), Hydroxy\u00e9thylcellulose, huile de graines de Nigelle Sativa, pectine, poudre de carpelle de Pyrus Malus (pomme), Sodium PCA, ac\u00e9tate de tocoph\u00e9ryle, gomme xanthane, alcool benzylique, acide d\u00e9hydroac\u00e9tique, limon\u00e8ne, linalol, maltol, n\u00e9rolidol.<\/p>\n<p>Exempt d&rsquo;huiles min\u00e9rales, de silicones, de parab\u00e8nes et de colorants. Sans cruaut\u00e9. Fabriqu\u00e9 aux \u00c9tats-Unis. La couleur et la consistance des produits naturels peuvent varier avec le temps. Ce produit peut appara\u00eetre visuellement dans une gamme allant d&rsquo;un bronzage plus clair \u00e0 un brun plus fonc\u00e9. La composition est la m\u00eame. Les r\u00e9sultats ne devraient pas diff\u00e9rer. Ce produit convient aux VEGANS.<\/p>","protected":false},"excerpt":{"rendered":"<p>Le s\u00e9rum hydratant \u00e0 l&rsquo;amande est un produit de coiffage l\u00e9ger pour vos cheveux. Gr\u00e2ce \u00e0 l&rsquo;huile d&rsquo;amande douce et<\/p>","protected":false},"featured_media":24424,"comment_status":"open","ping_status":"closed","template":"","meta":[],"pwb-brand":[781],"product_brand":[],"product_cat":[267,1022,1071],"product_tag":[],"class_list":{"0":"post-17138","1":"product","2":"type-product","3":"status-publish","4":"has-post-thumbnail","6":"pwb-brand-eden-bodyworks","7":"product_cat-beaute-et-soins","8":"product_cat-coiffures-et-soins-des-cheveux","9":"product_cat-produits-coiffants","11":"first","12":"outofstock","13":"shipping-taxable","14":"purchasable","15":"product-type-simple"},"yoast_head":"<!-- This site is optimized with the Yoast SEO plugin v27.1.1 - https:\/\/yoast.com\/product\/yoast-seo-wordpress\/ -->\n<title>Eden Bodyworks - S\u00e9rum Hydratation Amande Guimauve - 236 ml - NIRIGS<\/title>\n<meta name=\"robots\" content=\"index, follow, max-snippet:-1, max-image-preview:large, max-video-preview:-1\" \/>\n<link rel=\"canonical\" href=\"https:\/\/nirigs.com\/ar\/product\/serum-almond-marshmallow-hydration\/\" \/>\n<meta property=\"og:locale\" content=\"ar_AR\" \/>\n<meta property=\"og:type\" content=\"article\" \/>\n<meta property=\"og:title\" content=\"Eden Bodyworks - S\u00e9rum Hydratation Amande Guimauve - 236 ml - NIRIGS\" \/>\n<meta property=\"og:description\" content=\"Le s\u00e9rum hydratant \u00e0 l&rsquo;amande est un produit de coiffage l\u00e9ger pour vos cheveux. Gr\u00e2ce \u00e0 l&rsquo;huile d&rsquo;amande douce et\" \/>\n<meta property=\"og:url\" content=\"https:\/\/nirigs.com\/ar\/product\/serum-almond-marshmallow-hydration\/\" \/>\n<meta property=\"og:site_name\" content=\"NIRIGS\" \/>\n<meta property=\"article:modified_time\" content=\"2026-03-04T18:11:00+00:00\" \/>\n<meta property=\"og:image\" content=\"https:\/\/nirigs.com\/wp-content\/uploads\/2024\/02\/Bath-Body-Works-\u2013-Cachemire-Ivoire-\u2013-236-ml.jpg\" \/>\n\t<meta property=\"og:image:width\" content=\"1000\" \/>\n\t<meta property=\"og:image:height\" content=\"1000\" \/>\n\t<meta property=\"og:image:type\" content=\"image\/jpeg\" \/>\n<meta name=\"twitter:card\" content=\"summary_large_image\" \/>\n<meta name=\"twitter:label1\" content=\"\u0648\u0642\u062a \u0627\u0644\u0642\u0631\u0627\u0621\u0629 \u0627\u0644\u0645\u064f\u0642\u062f\u0651\u0631\" \/>\n\t<meta name=\"twitter:data1\" content=\"\u062f\u0642\u064a\u0642\u062a\u0627\u0646\" \/>\n<script type=\"application\/ld+json\" class=\"yoast-schema-graph\">{\"@context\":\"https:\/\/schema.org\",\"@graph\":[{\"@type\":\"WebPage\",\"@id\":\"https:\/\/nirigs.com\/product\/serum-almond-marshmallow-hydration\/\",\"url\":\"https:\/\/nirigs.com\/product\/serum-almond-marshmallow-hydration\/\",\"name\":\"Eden Bodyworks - S\u00e9rum Hydratation Amande Guimauve - 236 ml - NIRIGS\",\"isPartOf\":{\"@id\":\"https:\/\/nirigs.com\/#website\"},\"primaryImageOfPage\":{\"@id\":\"https:\/\/nirigs.com\/product\/serum-almond-marshmallow-hydration\/#primaryimage\"},\"image\":{\"@id\":\"https:\/\/nirigs.com\/product\/serum-almond-marshmallow-hydration\/#primaryimage\"},\"thumbnailUrl\":\"https:\/\/nirigs.com\/wp-content\/uploads\/2024\/02\/Bath-Body-Works-\u2013-Cachemire-Ivoire-\u2013-236-ml.jpg\",\"datePublished\":\"2024-02-05T08:01:14+00:00\",\"dateModified\":\"2026-03-04T18:11:00+00:00\",\"breadcrumb\":{\"@id\":\"https:\/\/nirigs.com\/product\/serum-almond-marshmallow-hydration\/#breadcrumb\"},\"inLanguage\":\"ar\",\"potentialAction\":[{\"@type\":\"ReadAction\",\"target\":[\"https:\/\/nirigs.com\/product\/serum-almond-marshmallow-hydration\/\"]}]},{\"@type\":\"ImageObject\",\"inLanguage\":\"ar\",\"@id\":\"https:\/\/nirigs.com\/product\/serum-almond-marshmallow-hydration\/#primaryimage\",\"url\":\"https:\/\/nirigs.com\/wp-content\/uploads\/2024\/02\/Bath-Body-Works-\u2013-Cachemire-Ivoire-\u2013-236-ml.jpg\",\"contentUrl\":\"https:\/\/nirigs.com\/wp-content\/uploads\/2024\/02\/Bath-Body-Works-\u2013-Cachemire-Ivoire-\u2013-236-ml.jpg\",\"width\":1000,\"height\":1000},{\"@type\":\"BreadcrumbList\",\"@id\":\"https:\/\/nirigs.com\/product\/serum-almond-marshmallow-hydration\/#breadcrumb\",\"itemListElement\":[{\"@type\":\"ListItem\",\"position\":1,\"name\":\"Home\",\"item\":\"https:\/\/nirigs.com\/\"},{\"@type\":\"ListItem\",\"position\":2,\"name\":\"Parcourir\",\"item\":\"https:\/\/nirigs.com\/boutique\/\"},{\"@type\":\"ListItem\",\"position\":3,\"name\":\"Eden Bodyworks &#8211; S\u00e9rum Hydratation Amande Guimauve &#8211; 236 ml\"}]},{\"@type\":\"WebSite\",\"@id\":\"https:\/\/nirigs.com\/#website\",\"url\":\"https:\/\/nirigs.com\/\",\"name\":\"Nirigs.com\",\"description\":\"Simplifiez vos achats du quotidien \u00e0 Djibouti\",\"publisher\":{\"@id\":\"https:\/\/nirigs.com\/#organization\"},\"potentialAction\":[{\"@type\":\"SearchAction\",\"target\":{\"@type\":\"EntryPoint\",\"urlTemplate\":\"https:\/\/nirigs.com\/?s={search_term_string}\"},\"query-input\":{\"@type\":\"PropertyValueSpecification\",\"valueRequired\":true,\"valueName\":\"search_term_string\"}}],\"inLanguage\":\"ar\"},{\"@type\":\"Organization\",\"@id\":\"https:\/\/nirigs.com\/#organization\",\"name\":\"Nirigs\",\"url\":\"https:\/\/nirigs.com\/\",\"logo\":{\"@type\":\"ImageObject\",\"inLanguage\":\"ar\",\"@id\":\"https:\/\/nirigs.com\/#\/schema\/logo\/image\/\",\"url\":\"https:\/\/nirigs.com\/wp-content\/uploads\/2025\/04\/Design-sans-titre-27.png\",\"contentUrl\":\"https:\/\/nirigs.com\/wp-content\/uploads\/2025\/04\/Design-sans-titre-27.png\",\"width\":500,\"height\":500,\"caption\":\"Nirigs\"},\"image\":{\"@id\":\"https:\/\/nirigs.com\/#\/schema\/logo\/image\/\"}}]}<\/script>\n<!-- \/ Yoast SEO plugin. -->","yoast_head_json":{"title":"Eden Bodyworks - S\u00e9rum Hydratation Amande Guimauve - 236 ml - NIRIGS","robots":{"index":"index","follow":"follow","max-snippet":"max-snippet:-1","max-image-preview":"max-image-preview:large","max-video-preview":"max-video-preview:-1"},"canonical":"https:\/\/nirigs.com\/ar\/product\/serum-almond-marshmallow-hydration\/","og_locale":"ar_AR","og_type":"article","og_title":"Eden Bodyworks - S\u00e9rum Hydratation Amande Guimauve - 236 ml - NIRIGS","og_description":"Le s\u00e9rum hydratant \u00e0 l&rsquo;amande est un produit de coiffage l\u00e9ger pour vos cheveux. Gr\u00e2ce \u00e0 l&rsquo;huile d&rsquo;amande douce et","og_url":"https:\/\/nirigs.com\/ar\/product\/serum-almond-marshmallow-hydration\/","og_site_name":"NIRIGS","article_modified_time":"2026-03-04T18:11:00+00:00","og_image":[{"width":1000,"height":1000,"url":"https:\/\/nirigs.com\/wp-content\/uploads\/2024\/02\/Bath-Body-Works-\u2013-Cachemire-Ivoire-\u2013-236-ml.jpg","type":"image\/jpeg"}],"twitter_card":"summary_large_image","twitter_misc":{"\u0648\u0642\u062a \u0627\u0644\u0642\u0631\u0627\u0621\u0629 \u0627\u0644\u0645\u064f\u0642\u062f\u0651\u0631":"\u062f\u0642\u064a\u0642\u062a\u0627\u0646"},"schema":{"@context":"https:\/\/schema.org","@graph":[{"@type":"WebPage","@id":"https:\/\/nirigs.com\/product\/serum-almond-marshmallow-hydration\/","url":"https:\/\/nirigs.com\/product\/serum-almond-marshmallow-hydration\/","name":"Eden Bodyworks - S\u00e9rum Hydratation Amande Guimauve - 236 ml - NIRIGS","isPartOf":{"@id":"https:\/\/nirigs.com\/#website"},"primaryImageOfPage":{"@id":"https:\/\/nirigs.com\/product\/serum-almond-marshmallow-hydration\/#primaryimage"},"image":{"@id":"https:\/\/nirigs.com\/product\/serum-almond-marshmallow-hydration\/#primaryimage"},"thumbnailUrl":"https:\/\/nirigs.com\/wp-content\/uploads\/2024\/02\/Bath-Body-Works-\u2013-Cachemire-Ivoire-\u2013-236-ml.jpg","datePublished":"2024-02-05T08:01:14+00:00","dateModified":"2026-03-04T18:11:00+00:00","breadcrumb":{"@id":"https:\/\/nirigs.com\/product\/serum-almond-marshmallow-hydration\/#breadcrumb"},"inLanguage":"ar","potentialAction":[{"@type":"ReadAction","target":["https:\/\/nirigs.com\/product\/serum-almond-marshmallow-hydration\/"]}]},{"@type":"ImageObject","inLanguage":"ar","@id":"https:\/\/nirigs.com\/product\/serum-almond-marshmallow-hydration\/#primaryimage","url":"https:\/\/nirigs.com\/wp-content\/uploads\/2024\/02\/Bath-Body-Works-\u2013-Cachemire-Ivoire-\u2013-236-ml.jpg","contentUrl":"https:\/\/nirigs.com\/wp-content\/uploads\/2024\/02\/Bath-Body-Works-\u2013-Cachemire-Ivoire-\u2013-236-ml.jpg","width":1000,"height":1000},{"@type":"BreadcrumbList","@id":"https:\/\/nirigs.com\/product\/serum-almond-marshmallow-hydration\/#breadcrumb","itemListElement":[{"@type":"ListItem","position":1,"name":"Home","item":"https:\/\/nirigs.com\/"},{"@type":"ListItem","position":2,"name":"Parcourir","item":"https:\/\/nirigs.com\/boutique\/"},{"@type":"ListItem","position":3,"name":"Eden Bodyworks &#8211; S\u00e9rum Hydratation Amande Guimauve &#8211; 236 ml"}]},{"@type":"WebSite","@id":"https:\/\/nirigs.com\/#website","url":"https:\/\/nirigs.com\/","name":"Nirigs.com","description":"Simplifiez vos achats du quotidien \u00e0 Djibouti","publisher":{"@id":"https:\/\/nirigs.com\/#organization"},"potentialAction":[{"@type":"SearchAction","target":{"@type":"EntryPoint","urlTemplate":"https:\/\/nirigs.com\/?s={search_term_string}"},"query-input":{"@type":"PropertyValueSpecification","valueRequired":true,"valueName":"search_term_string"}}],"inLanguage":"ar"},{"@type":"Organization","@id":"https:\/\/nirigs.com\/#organization","name":"\u0646\u064a\u0631\u064a\u062c\u0633","url":"https:\/\/nirigs.com\/","logo":{"@type":"ImageObject","inLanguage":"ar","@id":"https:\/\/nirigs.com\/#\/schema\/logo\/image\/","url":"https:\/\/nirigs.com\/wp-content\/uploads\/2025\/04\/Design-sans-titre-27.png","contentUrl":"https:\/\/nirigs.com\/wp-content\/uploads\/2025\/04\/Design-sans-titre-27.png","width":500,"height":500,"caption":"Nirigs"},"image":{"@id":"https:\/\/nirigs.com\/#\/schema\/logo\/image\/"}}]}},"brands":[{"id":781,"name":"\u0639\u062f\u0646 \u0644\u0623\u0639\u0645\u0627\u0644 \u0627\u0644\u0647\u064a\u0627\u0643\u0644","slug":"eden-bodyworks"}],"_links":{"self":[{"href":"https:\/\/nirigs.com\/ar\/wp-json\/wp\/v2\/product\/17138","targetHints":{"allow":["GET"]}}],"collection":[{"href":"https:\/\/nirigs.com\/ar\/wp-json\/wp\/v2\/product"}],"about":[{"href":"https:\/\/nirigs.com\/ar\/wp-json\/wp\/v2\/types\/product"}],"replies":[{"embeddable":true,"href":"https:\/\/nirigs.com\/ar\/wp-json\/wp\/v2\/comments?post=17138"}],"version-history":[{"count":8,"href":"https:\/\/nirigs.com\/ar\/wp-json\/wp\/v2\/product\/17138\/revisions"}],"predecessor-version":[{"id":18865,"href":"https:\/\/nirigs.com\/ar\/wp-json\/wp\/v2\/product\/17138\/revisions\/18865"}],"wp:featuredmedia":[{"embeddable":true,"href":"https:\/\/nirigs.com\/ar\/wp-json\/wp\/v2\/media\/24424"}],"wp:attachment":[{"href":"https:\/\/nirigs.com\/ar\/wp-json\/wp\/v2\/media?parent=17138"}],"wp:term":[{"taxonomy":"pwb-brand","embeddable":true,"href":"https:\/\/nirigs.com\/ar\/wp-json\/wp\/v2\/pwb-brand?post=17138"},{"taxonomy":"product_brand","embeddable":true,"href":"https:\/\/nirigs.com\/ar\/wp-json\/wp\/v2\/product_brand?post=17138"},{"taxonomy":"product_cat","embeddable":true,"href":"https:\/\/nirigs.com\/ar\/wp-json\/wp\/v2\/product_cat?post=17138"},{"taxonomy":"product_tag","embeddable":true,"href":"https:\/\/nirigs.com\/ar\/wp-json\/wp\/v2\/product_tag?post=17138"}],"curies":[{"name":"wp","href":"https:\/\/api.w.org\/{rel}","templated":true}]}}