{"id":17112,"date":"2024-02-01T11:13:51","date_gmt":"2024-02-01T08:13:51","guid":{"rendered":"https:\/\/nirigs.com\/?post_type=product&#038;p=17112"},"modified":"2026-03-04T17:37:32","modified_gmt":"2026-03-04T14:37:32","slug":"hydrate-repair-multi-action-leave-in-237-g","status":"publish","type":"product","link":"https:\/\/nirigs.com\/ar\/product\/hydrate-repair-multi-action-leave-in-237-g\/","title":{"rendered":"Shea Moisture &#8211; Hydrate + R\u00e9parateur multi-actions sans rin\u00e7age &#8211; 237 g"},"content":{"rendered":"<p>Le traitement sans rin\u00e7age multi-action hydratant et r\u00e9parateur au miel de manuka et yogourt de Shea Moisture est id\u00e9al pour les cheveux susceptibles de se casser, de se rompre ou de se fendiller. R\u00e9parez les dommages caus\u00e9s par le surtraitement par une seule utilisation de ce traitement intensif qui aide \u00e0 renforcer les cheveux en r\u00e9duisant la cassure jusqu\u2019\u00e0 76 % (test\u00e9 sur les cheveux non trait\u00e9s chimiquement).<\/p>\n<p>Gr\u00e2ce \u00e0 ses prot\u00e9ines r\u00e9paratrices et ses beurres, cette cr\u00e8me fortifiante riche en nutriments lisse les fibres capillaires endommag\u00e9es pour les renforcer et les revitaliser naturellement. Renfermant du beurre de karit\u00e9 certifi\u00e9 biologique, du miel de manuka et du yogourt, cette formule revitalisante qui fortifie les m\u00e8ches faibles, combat la cassure et les pointes fourchues pour l\u2019apparence d\u2019une chevelure lisse et saine.<\/p>\n<p>Laisse les cheveux doux, souples et irr\u00e9sistiblement soyeux. Ce traitement capillaire ne contient ni sulfates, ni parab\u00e8nes, ni paraffine, ni huile min\u00e9rale, ni p\u00e9trolatum.<\/p>\n<h4><strong>\u064a\u0633\u062a\u062e\u062f\u0645<\/strong><\/h4>\n<ul>\n<li>Vaporiser g\u00e9n\u00e9reusement le produit sur les cheveux propres et humides.<\/li>\n<li>puis les peigner. Ne pas rincer.<\/li>\n<li>S\u00e9cher au s\u00e8che-cheveux ou \u00e0 l\u2019air libre. Coiffer comme d\u2019habitude.<\/li>\n<\/ul>\n<h4><strong>\u0645\u0643\u0648\u0646\u0627\u062a<\/strong><\/h4>\n<p>Aqua, Cetrimonium Chloride, Caprylic\/Capric Triglyceride, Glycerin (Vegetable\/ V\u00e9g\u00e9tale) Butyrospermum Parkii (Shea) Butter*, Honey(Miel), Yogurt Powder, Yogurt Extract, lnulin, Adansonia Digitata (Baobab) Seed Oil, Trichilia Emetica (Mafura) Seed Oil, Hydrolyzed Wheat Protein PG-Propyl Silanetriol, Bisabolol, Tocopherol, Stearyl Alcohol, Cetyl Alcohol, Triethyl Citrate, Caprylyl Glycol, Benzoic Acid, Parfum (Essential Oil Blend \/ M\u00e9lange d\u2019huiles essentielles).. *Certified Organic Ingredient *Fair Trade Ingredient.<\/p>","protected":false},"excerpt":{"rendered":"<p>Le traitement sans rin\u00e7age multi-action hydratant et r\u00e9parateur au miel de manuka et yogourt de Shea Moisture est id\u00e9al pour<\/p>","protected":false},"featured_media":24440,"comment_status":"open","ping_status":"closed","template":"","meta":[],"pwb-brand":[775],"product_brand":[],"product_cat":[267],"product_tag":[],"class_list":{"0":"post-17112","1":"product","2":"type-product","3":"status-publish","4":"has-post-thumbnail","6":"pwb-brand-shea-moisture","7":"product_cat-beaute-et-soins","9":"first","10":"instock","11":"shipping-taxable","12":"purchasable","13":"product-type-simple"},"yoast_head":"<!-- This site is optimized with the Yoast SEO plugin v27.4 - https:\/\/yoast.com\/product\/yoast-seo-wordpress\/ -->\n<title>Shea Moisture - Hydrate + R\u00e9parateur multi-actions sans rin\u00e7age - 237 g - NIRIGS<\/title>\n<meta name=\"robots\" content=\"index, follow, max-snippet:-1, max-image-preview:large, max-video-preview:-1\" \/>\n<link rel=\"canonical\" href=\"https:\/\/nirigs.com\/ar\/product\/hydrate-repair-multi-action-leave-in-237-g\/\" \/>\n<meta property=\"og:locale\" content=\"ar_AR\" \/>\n<meta property=\"og:type\" content=\"article\" \/>\n<meta property=\"og:title\" content=\"Shea Moisture - Hydrate + R\u00e9parateur multi-actions sans rin\u00e7age - 237 g - NIRIGS\" \/>\n<meta property=\"og:description\" content=\"Le traitement sans rin\u00e7age multi-action hydratant et r\u00e9parateur au miel de manuka et yogourt de Shea Moisture est id\u00e9al pour\" \/>\n<meta property=\"og:url\" content=\"https:\/\/nirigs.com\/ar\/product\/hydrate-repair-multi-action-leave-in-237-g\/\" \/>\n<meta property=\"og:site_name\" content=\"NIRIGS\" \/>\n<meta property=\"article:modified_time\" content=\"2026-03-04T14:37:32+00:00\" \/>\n<meta property=\"og:image\" content=\"https:\/\/nirigs.com\/wp-content\/uploads\/2024\/02\/Shea-Moisture-\u2013-Hydrate-Reparateur-multi-actions-sans-rincage-\u2013-237-g.jpg\" \/>\n\t<meta property=\"og:image:width\" content=\"1000\" \/>\n\t<meta property=\"og:image:height\" content=\"1000\" \/>\n\t<meta property=\"og:image:type\" content=\"image\/jpeg\" \/>\n<meta name=\"twitter:card\" content=\"summary_large_image\" \/>\n<meta name=\"twitter:label1\" content=\"\u0648\u0642\u062a \u0627\u0644\u0642\u0631\u0627\u0621\u0629 \u0627\u0644\u0645\u064f\u0642\u062f\u0651\u0631\" \/>\n\t<meta name=\"twitter:data1\" content=\"\u062f\u0642\u064a\u0642\u0629 \u0648\u0627\u062d\u062f\u0629\" \/>\n<script type=\"application\/ld+json\" class=\"yoast-schema-graph\">{\"@context\":\"https:\\\/\\\/schema.org\",\"@graph\":[{\"@type\":\"WebPage\",\"@id\":\"https:\\\/\\\/nirigs.com\\\/product\\\/hydrate-repair-multi-action-leave-in-237-g\\\/\",\"url\":\"https:\\\/\\\/nirigs.com\\\/product\\\/hydrate-repair-multi-action-leave-in-237-g\\\/\",\"name\":\"Shea Moisture - Hydrate + R\u00e9parateur multi-actions sans rin\u00e7age - 237 g - NIRIGS\",\"isPartOf\":{\"@id\":\"https:\\\/\\\/nirigs.com\\\/#website\"},\"primaryImageOfPage\":{\"@id\":\"https:\\\/\\\/nirigs.com\\\/product\\\/hydrate-repair-multi-action-leave-in-237-g\\\/#primaryimage\"},\"image\":{\"@id\":\"https:\\\/\\\/nirigs.com\\\/product\\\/hydrate-repair-multi-action-leave-in-237-g\\\/#primaryimage\"},\"thumbnailUrl\":\"https:\\\/\\\/nirigs.com\\\/wp-content\\\/uploads\\\/2024\\\/02\\\/Shea-Moisture-\u2013-Hydrate-Reparateur-multi-actions-sans-rincage-\u2013-237-g.jpg\",\"datePublished\":\"2024-02-01T08:13:51+00:00\",\"dateModified\":\"2026-03-04T14:37:32+00:00\",\"breadcrumb\":{\"@id\":\"https:\\\/\\\/nirigs.com\\\/product\\\/hydrate-repair-multi-action-leave-in-237-g\\\/#breadcrumb\"},\"inLanguage\":\"ar\",\"potentialAction\":[{\"@type\":\"ReadAction\",\"target\":[\"https:\\\/\\\/nirigs.com\\\/product\\\/hydrate-repair-multi-action-leave-in-237-g\\\/\"]}]},{\"@type\":\"ImageObject\",\"inLanguage\":\"ar\",\"@id\":\"https:\\\/\\\/nirigs.com\\\/product\\\/hydrate-repair-multi-action-leave-in-237-g\\\/#primaryimage\",\"url\":\"https:\\\/\\\/nirigs.com\\\/wp-content\\\/uploads\\\/2024\\\/02\\\/Shea-Moisture-\u2013-Hydrate-Reparateur-multi-actions-sans-rincage-\u2013-237-g.jpg\",\"contentUrl\":\"https:\\\/\\\/nirigs.com\\\/wp-content\\\/uploads\\\/2024\\\/02\\\/Shea-Moisture-\u2013-Hydrate-Reparateur-multi-actions-sans-rincage-\u2013-237-g.jpg\",\"width\":1000,\"height\":1000},{\"@type\":\"BreadcrumbList\",\"@id\":\"https:\\\/\\\/nirigs.com\\\/product\\\/hydrate-repair-multi-action-leave-in-237-g\\\/#breadcrumb\",\"itemListElement\":[{\"@type\":\"ListItem\",\"position\":1,\"name\":\"Home\",\"item\":\"https:\\\/\\\/nirigs.com\\\/\"},{\"@type\":\"ListItem\",\"position\":2,\"name\":\"Parcourir\",\"item\":\"https:\\\/\\\/nirigs.com\\\/boutique\\\/\"},{\"@type\":\"ListItem\",\"position\":3,\"name\":\"Shea Moisture &#8211; Hydrate + R\u00e9parateur multi-actions sans rin\u00e7age &#8211; 237 g\"}]},{\"@type\":\"WebSite\",\"@id\":\"https:\\\/\\\/nirigs.com\\\/#website\",\"url\":\"https:\\\/\\\/nirigs.com\\\/\",\"name\":\"Nirigs.com\",\"description\":\"Simplifiez vos achats du quotidien \u00e0 Djibouti\",\"publisher\":{\"@id\":\"https:\\\/\\\/nirigs.com\\\/#organization\"},\"potentialAction\":[{\"@type\":\"SearchAction\",\"target\":{\"@type\":\"EntryPoint\",\"urlTemplate\":\"https:\\\/\\\/nirigs.com\\\/?s={search_term_string}\"},\"query-input\":{\"@type\":\"PropertyValueSpecification\",\"valueRequired\":true,\"valueName\":\"search_term_string\"}}],\"inLanguage\":\"ar\"},{\"@type\":\"Organization\",\"@id\":\"https:\\\/\\\/nirigs.com\\\/#organization\",\"name\":\"Nirigs\",\"url\":\"https:\\\/\\\/nirigs.com\\\/\",\"logo\":{\"@type\":\"ImageObject\",\"inLanguage\":\"ar\",\"@id\":\"https:\\\/\\\/nirigs.com\\\/#\\\/schema\\\/logo\\\/image\\\/\",\"url\":\"https:\\\/\\\/nirigs.com\\\/wp-content\\\/uploads\\\/2025\\\/04\\\/Design-sans-titre-27.png\",\"contentUrl\":\"https:\\\/\\\/nirigs.com\\\/wp-content\\\/uploads\\\/2025\\\/04\\\/Design-sans-titre-27.png\",\"width\":500,\"height\":500,\"caption\":\"Nirigs\"},\"image\":{\"@id\":\"https:\\\/\\\/nirigs.com\\\/#\\\/schema\\\/logo\\\/image\\\/\"}}]}<\/script>\n<!-- \/ Yoast SEO plugin. -->","yoast_head_json":{"title":"Shea Moisture - Hydrate + R\u00e9parateur multi-actions sans rin\u00e7age - 237 g - NIRIGS","robots":{"index":"index","follow":"follow","max-snippet":"max-snippet:-1","max-image-preview":"max-image-preview:large","max-video-preview":"max-video-preview:-1"},"canonical":"https:\/\/nirigs.com\/ar\/product\/hydrate-repair-multi-action-leave-in-237-g\/","og_locale":"ar_AR","og_type":"article","og_title":"Shea Moisture - Hydrate + R\u00e9parateur multi-actions sans rin\u00e7age - 237 g - NIRIGS","og_description":"Le traitement sans rin\u00e7age multi-action hydratant et r\u00e9parateur au miel de manuka et yogourt de Shea Moisture est id\u00e9al pour","og_url":"https:\/\/nirigs.com\/ar\/product\/hydrate-repair-multi-action-leave-in-237-g\/","og_site_name":"NIRIGS","article_modified_time":"2026-03-04T14:37:32+00:00","og_image":[{"width":1000,"height":1000,"url":"https:\/\/nirigs.com\/wp-content\/uploads\/2024\/02\/Shea-Moisture-\u2013-Hydrate-Reparateur-multi-actions-sans-rincage-\u2013-237-g.jpg","type":"image\/jpeg"}],"twitter_card":"summary_large_image","twitter_misc":{"\u0648\u0642\u062a \u0627\u0644\u0642\u0631\u0627\u0621\u0629 \u0627\u0644\u0645\u064f\u0642\u062f\u0651\u0631":"\u062f\u0642\u064a\u0642\u0629 \u0648\u0627\u062d\u062f\u0629"},"schema":{"@context":"https:\/\/schema.org","@graph":[{"@type":"WebPage","@id":"https:\/\/nirigs.com\/product\/hydrate-repair-multi-action-leave-in-237-g\/","url":"https:\/\/nirigs.com\/product\/hydrate-repair-multi-action-leave-in-237-g\/","name":"Shea Moisture - Hydrate + R\u00e9parateur multi-actions sans rin\u00e7age - 237 g - NIRIGS","isPartOf":{"@id":"https:\/\/nirigs.com\/#website"},"primaryImageOfPage":{"@id":"https:\/\/nirigs.com\/product\/hydrate-repair-multi-action-leave-in-237-g\/#primaryimage"},"image":{"@id":"https:\/\/nirigs.com\/product\/hydrate-repair-multi-action-leave-in-237-g\/#primaryimage"},"thumbnailUrl":"https:\/\/nirigs.com\/wp-content\/uploads\/2024\/02\/Shea-Moisture-\u2013-Hydrate-Reparateur-multi-actions-sans-rincage-\u2013-237-g.jpg","datePublished":"2024-02-01T08:13:51+00:00","dateModified":"2026-03-04T14:37:32+00:00","breadcrumb":{"@id":"https:\/\/nirigs.com\/product\/hydrate-repair-multi-action-leave-in-237-g\/#breadcrumb"},"inLanguage":"ar","potentialAction":[{"@type":"ReadAction","target":["https:\/\/nirigs.com\/product\/hydrate-repair-multi-action-leave-in-237-g\/"]}]},{"@type":"ImageObject","inLanguage":"ar","@id":"https:\/\/nirigs.com\/product\/hydrate-repair-multi-action-leave-in-237-g\/#primaryimage","url":"https:\/\/nirigs.com\/wp-content\/uploads\/2024\/02\/Shea-Moisture-\u2013-Hydrate-Reparateur-multi-actions-sans-rincage-\u2013-237-g.jpg","contentUrl":"https:\/\/nirigs.com\/wp-content\/uploads\/2024\/02\/Shea-Moisture-\u2013-Hydrate-Reparateur-multi-actions-sans-rincage-\u2013-237-g.jpg","width":1000,"height":1000},{"@type":"BreadcrumbList","@id":"https:\/\/nirigs.com\/product\/hydrate-repair-multi-action-leave-in-237-g\/#breadcrumb","itemListElement":[{"@type":"ListItem","position":1,"name":"Home","item":"https:\/\/nirigs.com\/"},{"@type":"ListItem","position":2,"name":"Parcourir","item":"https:\/\/nirigs.com\/boutique\/"},{"@type":"ListItem","position":3,"name":"Shea Moisture &#8211; Hydrate + R\u00e9parateur multi-actions sans rin\u00e7age &#8211; 237 g"}]},{"@type":"WebSite","@id":"https:\/\/nirigs.com\/#website","url":"https:\/\/nirigs.com\/","name":"Nirigs.com","description":"Simplifiez vos achats du quotidien \u00e0 Djibouti","publisher":{"@id":"https:\/\/nirigs.com\/#organization"},"potentialAction":[{"@type":"SearchAction","target":{"@type":"EntryPoint","urlTemplate":"https:\/\/nirigs.com\/?s={search_term_string}"},"query-input":{"@type":"PropertyValueSpecification","valueRequired":true,"valueName":"search_term_string"}}],"inLanguage":"ar"},{"@type":"Organization","@id":"https:\/\/nirigs.com\/#organization","name":"\u0646\u064a\u0631\u064a\u062c\u0633","url":"https:\/\/nirigs.com\/","logo":{"@type":"ImageObject","inLanguage":"ar","@id":"https:\/\/nirigs.com\/#\/schema\/logo\/image\/","url":"https:\/\/nirigs.com\/wp-content\/uploads\/2025\/04\/Design-sans-titre-27.png","contentUrl":"https:\/\/nirigs.com\/wp-content\/uploads\/2025\/04\/Design-sans-titre-27.png","width":500,"height":500,"caption":"Nirigs"},"image":{"@id":"https:\/\/nirigs.com\/#\/schema\/logo\/image\/"}}]}},"brands":[{"id":775,"name":"\u0631\u0637\u0648\u0628\u0629 \u0627\u0644\u0634\u064a\u0627","slug":"shea-moisture"}],"_links":{"self":[{"href":"https:\/\/nirigs.com\/ar\/wp-json\/wp\/v2\/product\/17112","targetHints":{"allow":["GET"]}}],"collection":[{"href":"https:\/\/nirigs.com\/ar\/wp-json\/wp\/v2\/product"}],"about":[{"href":"https:\/\/nirigs.com\/ar\/wp-json\/wp\/v2\/types\/product"}],"replies":[{"embeddable":true,"href":"https:\/\/nirigs.com\/ar\/wp-json\/wp\/v2\/comments?post=17112"}],"version-history":[{"count":9,"href":"https:\/\/nirigs.com\/ar\/wp-json\/wp\/v2\/product\/17112\/revisions"}],"predecessor-version":[{"id":24436,"href":"https:\/\/nirigs.com\/ar\/wp-json\/wp\/v2\/product\/17112\/revisions\/24436"}],"wp:featuredmedia":[{"embeddable":true,"href":"https:\/\/nirigs.com\/ar\/wp-json\/wp\/v2\/media\/24440"}],"wp:attachment":[{"href":"https:\/\/nirigs.com\/ar\/wp-json\/wp\/v2\/media?parent=17112"}],"wp:term":[{"taxonomy":"pwb-brand","embeddable":true,"href":"https:\/\/nirigs.com\/ar\/wp-json\/wp\/v2\/pwb-brand?post=17112"},{"taxonomy":"product_brand","embeddable":true,"href":"https:\/\/nirigs.com\/ar\/wp-json\/wp\/v2\/product_brand?post=17112"},{"taxonomy":"product_cat","embeddable":true,"href":"https:\/\/nirigs.com\/ar\/wp-json\/wp\/v2\/product_cat?post=17112"},{"taxonomy":"product_tag","embeddable":true,"href":"https:\/\/nirigs.com\/ar\/wp-json\/wp\/v2\/product_tag?post=17112"}],"curies":[{"name":"wp","href":"https:\/\/api.w.org\/{rel}","templated":true}]}}