{"id":17091,"date":"2024-01-31T16:38:12","date_gmt":"2024-01-31T13:38:12","guid":{"rendered":"https:\/\/nirigs.com\/?post_type=product&#038;p=17091"},"modified":"2026-03-08T20:11:42","modified_gmt":"2026-03-08T17:11:42","slug":"pomegranate-honey-curl-smoothie-moisturizing-cream-340-g","status":"publish","type":"product","link":"https:\/\/nirigs.com\/ar\/product\/pomegranate-honey-curl-smoothie-moisturizing-cream-340-g\/","title":{"rendered":"Mielle &#8211; Gel de rasage Pomegranate &#038; Honey Fluide de d\u00e9finition de boucle &#8211; 355 ml"},"content":{"rendered":"<p>Vos cheveux sont votre plus grande gloire. Mettez en valeur vos magnifiques boucles avec le smoothie pour boucles \u00e0 la grenade et au miel de Mielle. Ce d\u00e9licieux smoothie pour boucles apporte une hydratation et une force maximales gr\u00e2ce \u00e0 des ingr\u00e9dients sains tels que l&rsquo;extrait de grenade, le miel et l&rsquo;huile de babassu, et il est tr\u00e8s facile \u00e0 utiliser. Il suffit d&rsquo;appliquer le smoothie sur vos cheveux de la racine aux pointes, en veillant \u00e0 accorder un peu plus d&rsquo;attention aux zones \u00e0 probl\u00e8mes, puis de les coiffer. Il redonne vie aux cheveux ab\u00eem\u00e9s et son odeur est absolument incroyable ! Si vous recherchez des produits capillaires de type 4, Mielle a exactement ce qu&rsquo;il vous faut. Essayez les par vous-m\u00eame et voyez pourquoi nos extraordinaires produits de coiffure ont pris d&rsquo;assaut le monde de la beaut\u00e9 !<\/p>\n<ul>\n<li>Hydrate durablement les cheveux<\/li>\n<li>Embellit et renforce les cheveux<\/li>\n<li>Sp\u00e9cialement formul\u00e9 pour les cheveux \u00e9pais et boucl\u00e9s<\/li>\n<\/ul>\n<h4>\u064a\u0633\u062a\u062e\u062f\u0645<\/h4>\n<ul>\n<li>Appliquer sur les cheveux essor\u00e9s.<\/li>\n<li>Diviser les cheveux en sections.<\/li>\n<li>Appliquer le produit sur les cheveux de la racine aux pointes, en insistant sur les zones \u00e0 probl\u00e8mes.<\/li>\n<li>Ne pas rincer.<\/li>\n<li>Coiffez comme vous le souhaitez.<\/li>\n<\/ul>\n<h4>\u0645\u0643\u0648\u0646\u0627\u062a<\/h4>\n<p>Water (Aqua, Eau), Glycerin, Pectin, Hydrolyzed Corn Starch, Polysorbate-20, Xanthan Gum, Hydroxyethylcellulose, Carrageenan, Fragrance (Parfum), Orbignya Oleifera (Babassu) Oil, Mauritia Flexuosa (Buriti) Fruit Oil, Copaiferi Officinalis (Balsam Copaiba) Resin, Astrocaryum Murumuru Seed Butter, Cocos Nucifera (Coconut) Oil, Punica Granatum (Pomegranate) Extract, Honey (Mel, Miel), Persea Gratissima (Avocado) Oil, Phenoxyethanol, Benzoic Acid, Ethylhexylglycerin, Glycereth-2 Cocoate<\/p>","protected":false},"excerpt":{"rendered":"<p>Vos cheveux sont votre plus grande gloire. Mettez en valeur vos magnifiques boucles avec le smoothie pour boucles \u00e0 la<\/p>","protected":false},"featured_media":24567,"comment_status":"open","ping_status":"closed","template":"","meta":[],"pwb-brand":[757],"product_brand":[],"product_cat":[267,1022,1073,1071],"product_tag":[],"class_list":{"0":"post-17091","1":"product","2":"type-product","3":"status-publish","4":"has-post-thumbnail","6":"pwb-brand-mielle","7":"product_cat-beaute-et-soins","8":"product_cat-coiffures-et-soins-des-cheveux","9":"product_cat-gels-coiffants","10":"product_cat-produits-coiffants","12":"first","13":"instock","14":"shipping-taxable","15":"purchasable","16":"product-type-simple"},"yoast_head":"<!-- This site is optimized with the Yoast SEO plugin v27.1.1 - https:\/\/yoast.com\/product\/yoast-seo-wordpress\/ -->\n<title>Mielle - Gel de rasage Pomegranate &amp; Honey Fluide de d\u00e9finition de boucle - 355 ml - NIRIGS<\/title>\n<meta name=\"robots\" content=\"index, follow, max-snippet:-1, max-image-preview:large, max-video-preview:-1\" \/>\n<link rel=\"canonical\" href=\"https:\/\/nirigs.com\/ar\/product\/pomegranate-honey-curl-smoothie-moisturizing-cream-340-g\/\" \/>\n<meta property=\"og:locale\" content=\"ar_AR\" \/>\n<meta property=\"og:type\" content=\"article\" \/>\n<meta property=\"og:title\" content=\"Mielle - Gel de rasage Pomegranate &amp; Honey Fluide de d\u00e9finition de boucle - 355 ml - NIRIGS\" \/>\n<meta property=\"og:description\" content=\"Vos cheveux sont votre plus grande gloire. Mettez en valeur vos magnifiques boucles avec le smoothie pour boucles \u00e0 la\" \/>\n<meta property=\"og:url\" content=\"https:\/\/nirigs.com\/ar\/product\/pomegranate-honey-curl-smoothie-moisturizing-cream-340-g\/\" \/>\n<meta property=\"og:site_name\" content=\"NIRIGS\" \/>\n<meta property=\"article:modified_time\" content=\"2026-03-08T17:11:42+00:00\" \/>\n<meta property=\"og:image\" content=\"https:\/\/nirigs.com\/wp-content\/uploads\/2024\/01\/Mielle-\u2013-Pomegranate-and-Honey-Conditioner-Rinse-off-conditioner-\u2013-355-ml-3.jpg\" \/>\n\t<meta property=\"og:image:width\" content=\"1000\" \/>\n\t<meta property=\"og:image:height\" content=\"1000\" \/>\n\t<meta property=\"og:image:type\" content=\"image\/jpeg\" \/>\n<meta name=\"twitter:card\" content=\"summary_large_image\" \/>\n<meta name=\"twitter:label1\" content=\"\u0648\u0642\u062a \u0627\u0644\u0642\u0631\u0627\u0621\u0629 \u0627\u0644\u0645\u064f\u0642\u062f\u0651\u0631\" \/>\n\t<meta name=\"twitter:data1\" content=\"\u062f\u0642\u064a\u0642\u0629 \u0648\u0627\u062d\u062f\u0629\" \/>\n<script type=\"application\/ld+json\" class=\"yoast-schema-graph\">{\"@context\":\"https:\/\/schema.org\",\"@graph\":[{\"@type\":\"WebPage\",\"@id\":\"https:\/\/nirigs.com\/product\/pomegranate-honey-curl-smoothie-moisturizing-cream-340-g\/\",\"url\":\"https:\/\/nirigs.com\/product\/pomegranate-honey-curl-smoothie-moisturizing-cream-340-g\/\",\"name\":\"Mielle - Gel de rasage Pomegranate & Honey Fluide de d\u00e9finition de boucle - 355 ml - NIRIGS\",\"isPartOf\":{\"@id\":\"https:\/\/nirigs.com\/#website\"},\"primaryImageOfPage\":{\"@id\":\"https:\/\/nirigs.com\/product\/pomegranate-honey-curl-smoothie-moisturizing-cream-340-g\/#primaryimage\"},\"image\":{\"@id\":\"https:\/\/nirigs.com\/product\/pomegranate-honey-curl-smoothie-moisturizing-cream-340-g\/#primaryimage\"},\"thumbnailUrl\":\"https:\/\/nirigs.com\/wp-content\/uploads\/2024\/01\/Mielle-\u2013-Pomegranate-and-Honey-Conditioner-Rinse-off-conditioner-\u2013-355-ml-3.jpg\",\"datePublished\":\"2024-01-31T13:38:12+00:00\",\"dateModified\":\"2026-03-08T17:11:42+00:00\",\"breadcrumb\":{\"@id\":\"https:\/\/nirigs.com\/product\/pomegranate-honey-curl-smoothie-moisturizing-cream-340-g\/#breadcrumb\"},\"inLanguage\":\"ar\",\"potentialAction\":[{\"@type\":\"ReadAction\",\"target\":[\"https:\/\/nirigs.com\/product\/pomegranate-honey-curl-smoothie-moisturizing-cream-340-g\/\"]}]},{\"@type\":\"ImageObject\",\"inLanguage\":\"ar\",\"@id\":\"https:\/\/nirigs.com\/product\/pomegranate-honey-curl-smoothie-moisturizing-cream-340-g\/#primaryimage\",\"url\":\"https:\/\/nirigs.com\/wp-content\/uploads\/2024\/01\/Mielle-\u2013-Pomegranate-and-Honey-Conditioner-Rinse-off-conditioner-\u2013-355-ml-3.jpg\",\"contentUrl\":\"https:\/\/nirigs.com\/wp-content\/uploads\/2024\/01\/Mielle-\u2013-Pomegranate-and-Honey-Conditioner-Rinse-off-conditioner-\u2013-355-ml-3.jpg\",\"width\":1000,\"height\":1000},{\"@type\":\"BreadcrumbList\",\"@id\":\"https:\/\/nirigs.com\/product\/pomegranate-honey-curl-smoothie-moisturizing-cream-340-g\/#breadcrumb\",\"itemListElement\":[{\"@type\":\"ListItem\",\"position\":1,\"name\":\"Home\",\"item\":\"https:\/\/nirigs.com\/\"},{\"@type\":\"ListItem\",\"position\":2,\"name\":\"Parcourir\",\"item\":\"https:\/\/nirigs.com\/boutique\/\"},{\"@type\":\"ListItem\",\"position\":3,\"name\":\"Mielle &#8211; Gel de rasage Pomegranate &#038; Honey Fluide de d\u00e9finition de boucle &#8211; 355 ml\"}]},{\"@type\":\"WebSite\",\"@id\":\"https:\/\/nirigs.com\/#website\",\"url\":\"https:\/\/nirigs.com\/\",\"name\":\"Nirigs.com\",\"description\":\"Simplifiez vos achats du quotidien \u00e0 Djibouti\",\"publisher\":{\"@id\":\"https:\/\/nirigs.com\/#organization\"},\"potentialAction\":[{\"@type\":\"SearchAction\",\"target\":{\"@type\":\"EntryPoint\",\"urlTemplate\":\"https:\/\/nirigs.com\/?s={search_term_string}\"},\"query-input\":{\"@type\":\"PropertyValueSpecification\",\"valueRequired\":true,\"valueName\":\"search_term_string\"}}],\"inLanguage\":\"ar\"},{\"@type\":\"Organization\",\"@id\":\"https:\/\/nirigs.com\/#organization\",\"name\":\"Nirigs\",\"url\":\"https:\/\/nirigs.com\/\",\"logo\":{\"@type\":\"ImageObject\",\"inLanguage\":\"ar\",\"@id\":\"https:\/\/nirigs.com\/#\/schema\/logo\/image\/\",\"url\":\"https:\/\/nirigs.com\/wp-content\/uploads\/2025\/04\/Design-sans-titre-27.png\",\"contentUrl\":\"https:\/\/nirigs.com\/wp-content\/uploads\/2025\/04\/Design-sans-titre-27.png\",\"width\":500,\"height\":500,\"caption\":\"Nirigs\"},\"image\":{\"@id\":\"https:\/\/nirigs.com\/#\/schema\/logo\/image\/\"}}]}<\/script>\n<!-- \/ Yoast SEO plugin. -->","yoast_head_json":{"title":"Mielle - Gel de rasage Pomegranate & Honey Fluide de d\u00e9finition de boucle - 355 ml - NIRIGS","robots":{"index":"index","follow":"follow","max-snippet":"max-snippet:-1","max-image-preview":"max-image-preview:large","max-video-preview":"max-video-preview:-1"},"canonical":"https:\/\/nirigs.com\/ar\/product\/pomegranate-honey-curl-smoothie-moisturizing-cream-340-g\/","og_locale":"ar_AR","og_type":"article","og_title":"Mielle - Gel de rasage Pomegranate & Honey Fluide de d\u00e9finition de boucle - 355 ml - NIRIGS","og_description":"Vos cheveux sont votre plus grande gloire. Mettez en valeur vos magnifiques boucles avec le smoothie pour boucles \u00e0 la","og_url":"https:\/\/nirigs.com\/ar\/product\/pomegranate-honey-curl-smoothie-moisturizing-cream-340-g\/","og_site_name":"NIRIGS","article_modified_time":"2026-03-08T17:11:42+00:00","og_image":[{"width":1000,"height":1000,"url":"https:\/\/nirigs.com\/wp-content\/uploads\/2024\/01\/Mielle-\u2013-Pomegranate-and-Honey-Conditioner-Rinse-off-conditioner-\u2013-355-ml-3.jpg","type":"image\/jpeg"}],"twitter_card":"summary_large_image","twitter_misc":{"\u0648\u0642\u062a \u0627\u0644\u0642\u0631\u0627\u0621\u0629 \u0627\u0644\u0645\u064f\u0642\u062f\u0651\u0631":"\u062f\u0642\u064a\u0642\u0629 \u0648\u0627\u062d\u062f\u0629"},"schema":{"@context":"https:\/\/schema.org","@graph":[{"@type":"WebPage","@id":"https:\/\/nirigs.com\/product\/pomegranate-honey-curl-smoothie-moisturizing-cream-340-g\/","url":"https:\/\/nirigs.com\/product\/pomegranate-honey-curl-smoothie-moisturizing-cream-340-g\/","name":"Mielle - Gel de rasage Pomegranate & Honey Fluide de d\u00e9finition de boucle - 355 ml - NIRIGS","isPartOf":{"@id":"https:\/\/nirigs.com\/#website"},"primaryImageOfPage":{"@id":"https:\/\/nirigs.com\/product\/pomegranate-honey-curl-smoothie-moisturizing-cream-340-g\/#primaryimage"},"image":{"@id":"https:\/\/nirigs.com\/product\/pomegranate-honey-curl-smoothie-moisturizing-cream-340-g\/#primaryimage"},"thumbnailUrl":"https:\/\/nirigs.com\/wp-content\/uploads\/2024\/01\/Mielle-\u2013-Pomegranate-and-Honey-Conditioner-Rinse-off-conditioner-\u2013-355-ml-3.jpg","datePublished":"2024-01-31T13:38:12+00:00","dateModified":"2026-03-08T17:11:42+00:00","breadcrumb":{"@id":"https:\/\/nirigs.com\/product\/pomegranate-honey-curl-smoothie-moisturizing-cream-340-g\/#breadcrumb"},"inLanguage":"ar","potentialAction":[{"@type":"ReadAction","target":["https:\/\/nirigs.com\/product\/pomegranate-honey-curl-smoothie-moisturizing-cream-340-g\/"]}]},{"@type":"ImageObject","inLanguage":"ar","@id":"https:\/\/nirigs.com\/product\/pomegranate-honey-curl-smoothie-moisturizing-cream-340-g\/#primaryimage","url":"https:\/\/nirigs.com\/wp-content\/uploads\/2024\/01\/Mielle-\u2013-Pomegranate-and-Honey-Conditioner-Rinse-off-conditioner-\u2013-355-ml-3.jpg","contentUrl":"https:\/\/nirigs.com\/wp-content\/uploads\/2024\/01\/Mielle-\u2013-Pomegranate-and-Honey-Conditioner-Rinse-off-conditioner-\u2013-355-ml-3.jpg","width":1000,"height":1000},{"@type":"BreadcrumbList","@id":"https:\/\/nirigs.com\/product\/pomegranate-honey-curl-smoothie-moisturizing-cream-340-g\/#breadcrumb","itemListElement":[{"@type":"ListItem","position":1,"name":"Home","item":"https:\/\/nirigs.com\/"},{"@type":"ListItem","position":2,"name":"Parcourir","item":"https:\/\/nirigs.com\/boutique\/"},{"@type":"ListItem","position":3,"name":"Mielle &#8211; Gel de rasage Pomegranate &#038; Honey Fluide de d\u00e9finition de boucle &#8211; 355 ml"}]},{"@type":"WebSite","@id":"https:\/\/nirigs.com\/#website","url":"https:\/\/nirigs.com\/","name":"Nirigs.com","description":"Simplifiez vos achats du quotidien \u00e0 Djibouti","publisher":{"@id":"https:\/\/nirigs.com\/#organization"},"potentialAction":[{"@type":"SearchAction","target":{"@type":"EntryPoint","urlTemplate":"https:\/\/nirigs.com\/?s={search_term_string}"},"query-input":{"@type":"PropertyValueSpecification","valueRequired":true,"valueName":"search_term_string"}}],"inLanguage":"ar"},{"@type":"Organization","@id":"https:\/\/nirigs.com\/#organization","name":"\u0646\u064a\u0631\u064a\u062c\u0633","url":"https:\/\/nirigs.com\/","logo":{"@type":"ImageObject","inLanguage":"ar","@id":"https:\/\/nirigs.com\/#\/schema\/logo\/image\/","url":"https:\/\/nirigs.com\/wp-content\/uploads\/2025\/04\/Design-sans-titre-27.png","contentUrl":"https:\/\/nirigs.com\/wp-content\/uploads\/2025\/04\/Design-sans-titre-27.png","width":500,"height":500,"caption":"Nirigs"},"image":{"@id":"https:\/\/nirigs.com\/#\/schema\/logo\/image\/"}}]}},"brands":[{"id":757,"name":"\u0645\u0639\u0633\u0644","slug":"mielle"}],"_links":{"self":[{"href":"https:\/\/nirigs.com\/ar\/wp-json\/wp\/v2\/product\/17091","targetHints":{"allow":["GET"]}}],"collection":[{"href":"https:\/\/nirigs.com\/ar\/wp-json\/wp\/v2\/product"}],"about":[{"href":"https:\/\/nirigs.com\/ar\/wp-json\/wp\/v2\/types\/product"}],"replies":[{"embeddable":true,"href":"https:\/\/nirigs.com\/ar\/wp-json\/wp\/v2\/comments?post=17091"}],"version-history":[{"count":11,"href":"https:\/\/nirigs.com\/ar\/wp-json\/wp\/v2\/product\/17091\/revisions"}],"predecessor-version":[{"id":27779,"href":"https:\/\/nirigs.com\/ar\/wp-json\/wp\/v2\/product\/17091\/revisions\/27779"}],"wp:featuredmedia":[{"embeddable":true,"href":"https:\/\/nirigs.com\/ar\/wp-json\/wp\/v2\/media\/24567"}],"wp:attachment":[{"href":"https:\/\/nirigs.com\/ar\/wp-json\/wp\/v2\/media?parent=17091"}],"wp:term":[{"taxonomy":"pwb-brand","embeddable":true,"href":"https:\/\/nirigs.com\/ar\/wp-json\/wp\/v2\/pwb-brand?post=17091"},{"taxonomy":"product_brand","embeddable":true,"href":"https:\/\/nirigs.com\/ar\/wp-json\/wp\/v2\/product_brand?post=17091"},{"taxonomy":"product_cat","embeddable":true,"href":"https:\/\/nirigs.com\/ar\/wp-json\/wp\/v2\/product_cat?post=17091"},{"taxonomy":"product_tag","embeddable":true,"href":"https:\/\/nirigs.com\/ar\/wp-json\/wp\/v2\/product_tag?post=17091"}],"curies":[{"name":"wp","href":"https:\/\/api.w.org\/{rel}","templated":true}]}}