{"id":17070,"date":"2024-01-31T16:28:34","date_gmt":"2024-01-31T13:28:34","guid":{"rendered":"https:\/\/nirigs.com\/?post_type=product&#038;p=17070"},"modified":"2025-03-16T10:50:19","modified_gmt":"2025-03-16T07:50:19","slug":"anti-itch-oil-135-ml","status":"publish","type":"product","link":"https:\/\/nirigs.com\/ar\/product\/anti-itch-oil-135-ml\/","title":{"rendered":"\u062f\u0648 \u062c\u0631\u0648 \u2013 \u0632\u064a\u062a \u0645\u0636\u0627\u062f \u0644\u0644\u062d\u0643\u0629 \u2013 135 \u0645\u0644"},"content":{"rendered":"<p>L&rsquo;huile capillaire aide \u00e0 lutter contre les d\u00e9mangeaisons du cuir chevelu et les pellicules. Elle assure la vitalit\u00e9, la brillance et la sant\u00e9 des cheveux et dompte les frisottis. Aide \u00e0 \u00e9liminer les pellicules et les d\u00e9mangeaisons, soulage les tiraillements du cuir chevelu Favorise des cheveux forts, brillants et sains et dompte les frisottis Avec de l&rsquo;huile d&rsquo;arbre \u00e0 th\u00e9, du beurre de karit\u00e9 et du beurre de karit\u00e9. Formule vitamin\u00e9e.<\/p>\n<h4>\u064a\u0633\u062a\u062e\u062f\u0645<\/h4>\n<p>* Sur cheveux humides ou secs<\/p>\n<ul>\n<li>Appliquer directement sur les cheveux et le cuir chevelu.<\/li>\n<li>Masser d\u00e9licatement. Ne pas rincer. Coiffer comme d&rsquo;habitude.<\/li>\n<li>Utiliser quotidiennement ou aussi souvent que n\u00e9cessaire. Pour de meilleurs r\u00e9sultats, utilisez les produits DOO GRO \u00ae !<\/li>\n<\/ul>\n<p>* Pour bains d&rsquo;huile chauds, Apr\u00e8s le shampoing<\/p>\n<ul>\n<li>Appliquer g\u00e9n\u00e9reusement sur les cheveux et le cuir chevelu.<\/li>\n<li>Masser d\u00e9licatement. Couvrir les cheveux avec un bonnet chauffant.<\/li>\n<li>Laissez agir pendant 5-15 minutes. Rincez bien (l\u00e9g\u00e8rement shampouiner si n\u00e9cessaire).<\/li>\n<li>Coiffer comme d&rsquo;habitude.<\/li>\n<\/ul>\n<p>Attention: Garder les cheveux loin des flammes, de cigarettes allum\u00e9es, de la chaleur extr\u00eame et des objets chauds. Pour usage externe seulement. Tenir hors de la port\u00e9e des yeux. En cas d&rsquo;ingestion, consulter imm\u00e9diatement un m\u00e9decin. Tenir hors de la port\u00e9e des enfants.<\/p>\n<h4>\u0645\u0643\u0648\u0646\u0627\u062a<\/h4>\n<p>Glycine Soja (Soybean) Oil, Methyl Soyate, Limanthes Alba (Meadow-foam) Seed Oil, C 12-15 Alkyl Benzoate, Butyrospermum Parkii (Shea) Butter Extract, Melaleuca Alternifolia (Tea Tree) Leaf Oil, Zea Mays (Corn) Oil, Carthamus Tinctorius (Safflower) Seed Oil, Tocopheryl Acetate, Retinyl Palmitate, Ergocalciferol, Calendula Officinalis Flower Extract, Prunus Serotina (Wild Cherry) Bark Extract, Hydrastis Canadensis (Golden Seal ) Extract, Lawsonia Inermis (Henna) Extract, Humulus Lupulus (Hops) Extract, Equisetum Hyemale Extract, Chamomilla Recutita (Matricaria) Extract, Quillaja Saponaria Bark Extract, Menthol, Campohr, Propylparaben, BHA, BHT, Fragrance\/Parfum, Green 6\/ CI 61565, Yellow 11\/ CI 47000, Violet 2\/ CI 60725.<\/p>","protected":false},"excerpt":{"rendered":"<p>L&rsquo;huile capillaire aide \u00e0 lutter contre les d\u00e9mangeaisons du cuir chevelu et les pellicules. Elle assure la vitalit\u00e9, la brillance<\/p>","protected":false},"featured_media":24628,"comment_status":"open","ping_status":"closed","template":"","meta":[],"pwb-brand":[774],"product_brand":[],"product_cat":[267,1022,1023],"product_tag":[],"class_list":{"0":"post-17070","1":"product","2":"type-product","3":"status-publish","4":"has-post-thumbnail","6":"pwb-brand-doo-gro","7":"product_cat-beaute-et-soins","8":"product_cat-coiffures-et-soins-des-cheveux","9":"product_cat-huile-pour-cheveux","11":"first","12":"instock","13":"shipping-taxable","14":"purchasable","15":"product-type-simple"},"yoast_head":"<!-- This site is optimized with the Yoast SEO plugin v27.4 - https:\/\/yoast.com\/product\/yoast-seo-wordpress\/ -->\n<title>Doo Gro - Huile Anti-D\u00e9mangeaisons - 135 ml - NIRIGS<\/title>\n<meta name=\"robots\" content=\"index, follow, max-snippet:-1, max-image-preview:large, max-video-preview:-1\" \/>\n<link rel=\"canonical\" href=\"https:\/\/nirigs.com\/ar\/product\/anti-itch-oil-135-ml\/\" \/>\n<meta property=\"og:locale\" content=\"ar_AR\" \/>\n<meta property=\"og:type\" content=\"article\" \/>\n<meta property=\"og:title\" content=\"Doo Gro - Huile Anti-D\u00e9mangeaisons - 135 ml - NIRIGS\" \/>\n<meta property=\"og:description\" content=\"L&rsquo;huile capillaire aide \u00e0 lutter contre les d\u00e9mangeaisons du cuir chevelu et les pellicules. Elle assure la vitalit\u00e9, la brillance\" \/>\n<meta property=\"og:url\" content=\"https:\/\/nirigs.com\/ar\/product\/anti-itch-oil-135-ml\/\" \/>\n<meta property=\"og:site_name\" content=\"NIRIGS\" \/>\n<meta property=\"article:modified_time\" content=\"2025-03-16T07:50:19+00:00\" \/>\n<meta property=\"og:image\" content=\"https:\/\/nirigs.com\/wp-content\/uploads\/2024\/01\/Doo-Gro-\u2013-Huile-Anti-Demangeaisons-\u2013-135-ml.jpg\" \/>\n\t<meta property=\"og:image:width\" content=\"1000\" \/>\n\t<meta property=\"og:image:height\" content=\"1000\" \/>\n\t<meta property=\"og:image:type\" content=\"image\/jpeg\" \/>\n<meta name=\"twitter:card\" content=\"summary_large_image\" \/>\n<meta name=\"twitter:label1\" content=\"\u0648\u0642\u062a \u0627\u0644\u0642\u0631\u0627\u0621\u0629 \u0627\u0644\u0645\u064f\u0642\u062f\u0651\u0631\" \/>\n\t<meta name=\"twitter:data1\" content=\"\u062f\u0642\u064a\u0642\u0629 \u0648\u0627\u062d\u062f\u0629\" \/>\n<script type=\"application\/ld+json\" class=\"yoast-schema-graph\">{\"@context\":\"https:\\\/\\\/schema.org\",\"@graph\":[{\"@type\":\"WebPage\",\"@id\":\"https:\\\/\\\/nirigs.com\\\/product\\\/anti-itch-oil-135-ml\\\/\",\"url\":\"https:\\\/\\\/nirigs.com\\\/product\\\/anti-itch-oil-135-ml\\\/\",\"name\":\"Doo Gro - Huile Anti-D\u00e9mangeaisons - 135 ml - NIRIGS\",\"isPartOf\":{\"@id\":\"https:\\\/\\\/nirigs.com\\\/#website\"},\"primaryImageOfPage\":{\"@id\":\"https:\\\/\\\/nirigs.com\\\/product\\\/anti-itch-oil-135-ml\\\/#primaryimage\"},\"image\":{\"@id\":\"https:\\\/\\\/nirigs.com\\\/product\\\/anti-itch-oil-135-ml\\\/#primaryimage\"},\"thumbnailUrl\":\"https:\\\/\\\/nirigs.com\\\/wp-content\\\/uploads\\\/2024\\\/01\\\/Doo-Gro-\u2013-Huile-Anti-Demangeaisons-\u2013-135-ml.jpg\",\"datePublished\":\"2024-01-31T13:28:34+00:00\",\"dateModified\":\"2025-03-16T07:50:19+00:00\",\"breadcrumb\":{\"@id\":\"https:\\\/\\\/nirigs.com\\\/product\\\/anti-itch-oil-135-ml\\\/#breadcrumb\"},\"inLanguage\":\"ar\",\"potentialAction\":[{\"@type\":\"ReadAction\",\"target\":[\"https:\\\/\\\/nirigs.com\\\/product\\\/anti-itch-oil-135-ml\\\/\"]}]},{\"@type\":\"ImageObject\",\"inLanguage\":\"ar\",\"@id\":\"https:\\\/\\\/nirigs.com\\\/product\\\/anti-itch-oil-135-ml\\\/#primaryimage\",\"url\":\"https:\\\/\\\/nirigs.com\\\/wp-content\\\/uploads\\\/2024\\\/01\\\/Doo-Gro-\u2013-Huile-Anti-Demangeaisons-\u2013-135-ml.jpg\",\"contentUrl\":\"https:\\\/\\\/nirigs.com\\\/wp-content\\\/uploads\\\/2024\\\/01\\\/Doo-Gro-\u2013-Huile-Anti-Demangeaisons-\u2013-135-ml.jpg\",\"width\":1000,\"height\":1000},{\"@type\":\"BreadcrumbList\",\"@id\":\"https:\\\/\\\/nirigs.com\\\/product\\\/anti-itch-oil-135-ml\\\/#breadcrumb\",\"itemListElement\":[{\"@type\":\"ListItem\",\"position\":1,\"name\":\"Home\",\"item\":\"https:\\\/\\\/nirigs.com\\\/\"},{\"@type\":\"ListItem\",\"position\":2,\"name\":\"Parcourir\",\"item\":\"https:\\\/\\\/nirigs.com\\\/boutique\\\/\"},{\"@type\":\"ListItem\",\"position\":3,\"name\":\"Doo Gro &#8211; Huile Anti-D\u00e9mangeaisons &#8211; 135 ml\"}]},{\"@type\":\"WebSite\",\"@id\":\"https:\\\/\\\/nirigs.com\\\/#website\",\"url\":\"https:\\\/\\\/nirigs.com\\\/\",\"name\":\"Nirigs.com\",\"description\":\"Simplifiez vos achats du quotidien \u00e0 Djibouti\",\"publisher\":{\"@id\":\"https:\\\/\\\/nirigs.com\\\/#organization\"},\"potentialAction\":[{\"@type\":\"SearchAction\",\"target\":{\"@type\":\"EntryPoint\",\"urlTemplate\":\"https:\\\/\\\/nirigs.com\\\/?s={search_term_string}\"},\"query-input\":{\"@type\":\"PropertyValueSpecification\",\"valueRequired\":true,\"valueName\":\"search_term_string\"}}],\"inLanguage\":\"ar\"},{\"@type\":\"Organization\",\"@id\":\"https:\\\/\\\/nirigs.com\\\/#organization\",\"name\":\"Nirigs\",\"url\":\"https:\\\/\\\/nirigs.com\\\/\",\"logo\":{\"@type\":\"ImageObject\",\"inLanguage\":\"ar\",\"@id\":\"https:\\\/\\\/nirigs.com\\\/#\\\/schema\\\/logo\\\/image\\\/\",\"url\":\"https:\\\/\\\/nirigs.com\\\/wp-content\\\/uploads\\\/2025\\\/04\\\/Design-sans-titre-27.png\",\"contentUrl\":\"https:\\\/\\\/nirigs.com\\\/wp-content\\\/uploads\\\/2025\\\/04\\\/Design-sans-titre-27.png\",\"width\":500,\"height\":500,\"caption\":\"Nirigs\"},\"image\":{\"@id\":\"https:\\\/\\\/nirigs.com\\\/#\\\/schema\\\/logo\\\/image\\\/\"}}]}<\/script>\n<!-- \/ Yoast SEO plugin. -->","yoast_head_json":{"title":"Doo Gro - Huile Anti-D\u00e9mangeaisons - 135 ml - NIRIGS","robots":{"index":"index","follow":"follow","max-snippet":"max-snippet:-1","max-image-preview":"max-image-preview:large","max-video-preview":"max-video-preview:-1"},"canonical":"https:\/\/nirigs.com\/ar\/product\/anti-itch-oil-135-ml\/","og_locale":"ar_AR","og_type":"article","og_title":"Doo Gro - Huile Anti-D\u00e9mangeaisons - 135 ml - NIRIGS","og_description":"L&rsquo;huile capillaire aide \u00e0 lutter contre les d\u00e9mangeaisons du cuir chevelu et les pellicules. Elle assure la vitalit\u00e9, la brillance","og_url":"https:\/\/nirigs.com\/ar\/product\/anti-itch-oil-135-ml\/","og_site_name":"NIRIGS","article_modified_time":"2025-03-16T07:50:19+00:00","og_image":[{"width":1000,"height":1000,"url":"https:\/\/nirigs.com\/wp-content\/uploads\/2024\/01\/Doo-Gro-\u2013-Huile-Anti-Demangeaisons-\u2013-135-ml.jpg","type":"image\/jpeg"}],"twitter_card":"summary_large_image","twitter_misc":{"\u0648\u0642\u062a \u0627\u0644\u0642\u0631\u0627\u0621\u0629 \u0627\u0644\u0645\u064f\u0642\u062f\u0651\u0631":"\u062f\u0642\u064a\u0642\u0629 \u0648\u0627\u062d\u062f\u0629"},"schema":{"@context":"https:\/\/schema.org","@graph":[{"@type":"WebPage","@id":"https:\/\/nirigs.com\/product\/anti-itch-oil-135-ml\/","url":"https:\/\/nirigs.com\/product\/anti-itch-oil-135-ml\/","name":"Doo Gro - Huile Anti-D\u00e9mangeaisons - 135 ml - NIRIGS","isPartOf":{"@id":"https:\/\/nirigs.com\/#website"},"primaryImageOfPage":{"@id":"https:\/\/nirigs.com\/product\/anti-itch-oil-135-ml\/#primaryimage"},"image":{"@id":"https:\/\/nirigs.com\/product\/anti-itch-oil-135-ml\/#primaryimage"},"thumbnailUrl":"https:\/\/nirigs.com\/wp-content\/uploads\/2024\/01\/Doo-Gro-\u2013-Huile-Anti-Demangeaisons-\u2013-135-ml.jpg","datePublished":"2024-01-31T13:28:34+00:00","dateModified":"2025-03-16T07:50:19+00:00","breadcrumb":{"@id":"https:\/\/nirigs.com\/product\/anti-itch-oil-135-ml\/#breadcrumb"},"inLanguage":"ar","potentialAction":[{"@type":"ReadAction","target":["https:\/\/nirigs.com\/product\/anti-itch-oil-135-ml\/"]}]},{"@type":"ImageObject","inLanguage":"ar","@id":"https:\/\/nirigs.com\/product\/anti-itch-oil-135-ml\/#primaryimage","url":"https:\/\/nirigs.com\/wp-content\/uploads\/2024\/01\/Doo-Gro-\u2013-Huile-Anti-Demangeaisons-\u2013-135-ml.jpg","contentUrl":"https:\/\/nirigs.com\/wp-content\/uploads\/2024\/01\/Doo-Gro-\u2013-Huile-Anti-Demangeaisons-\u2013-135-ml.jpg","width":1000,"height":1000},{"@type":"BreadcrumbList","@id":"https:\/\/nirigs.com\/product\/anti-itch-oil-135-ml\/#breadcrumb","itemListElement":[{"@type":"ListItem","position":1,"name":"Home","item":"https:\/\/nirigs.com\/"},{"@type":"ListItem","position":2,"name":"Parcourir","item":"https:\/\/nirigs.com\/boutique\/"},{"@type":"ListItem","position":3,"name":"Doo Gro &#8211; Huile Anti-D\u00e9mangeaisons &#8211; 135 ml"}]},{"@type":"WebSite","@id":"https:\/\/nirigs.com\/#website","url":"https:\/\/nirigs.com\/","name":"Nirigs.com","description":"Simplifiez vos achats du quotidien \u00e0 Djibouti","publisher":{"@id":"https:\/\/nirigs.com\/#organization"},"potentialAction":[{"@type":"SearchAction","target":{"@type":"EntryPoint","urlTemplate":"https:\/\/nirigs.com\/?s={search_term_string}"},"query-input":{"@type":"PropertyValueSpecification","valueRequired":true,"valueName":"search_term_string"}}],"inLanguage":"ar"},{"@type":"Organization","@id":"https:\/\/nirigs.com\/#organization","name":"\u0646\u064a\u0631\u064a\u062c\u0633","url":"https:\/\/nirigs.com\/","logo":{"@type":"ImageObject","inLanguage":"ar","@id":"https:\/\/nirigs.com\/#\/schema\/logo\/image\/","url":"https:\/\/nirigs.com\/wp-content\/uploads\/2025\/04\/Design-sans-titre-27.png","contentUrl":"https:\/\/nirigs.com\/wp-content\/uploads\/2025\/04\/Design-sans-titre-27.png","width":500,"height":500,"caption":"Nirigs"},"image":{"@id":"https:\/\/nirigs.com\/#\/schema\/logo\/image\/"}}]}},"brands":[{"id":774,"name":"\u062f\u0648 \u062c\u0631\u0648","slug":"doo-gro"}],"_links":{"self":[{"href":"https:\/\/nirigs.com\/ar\/wp-json\/wp\/v2\/product\/17070","targetHints":{"allow":["GET"]}}],"collection":[{"href":"https:\/\/nirigs.com\/ar\/wp-json\/wp\/v2\/product"}],"about":[{"href":"https:\/\/nirigs.com\/ar\/wp-json\/wp\/v2\/types\/product"}],"replies":[{"embeddable":true,"href":"https:\/\/nirigs.com\/ar\/wp-json\/wp\/v2\/comments?post=17070"}],"version-history":[{"count":8,"href":"https:\/\/nirigs.com\/ar\/wp-json\/wp\/v2\/product\/17070\/revisions"}],"predecessor-version":[{"id":26910,"href":"https:\/\/nirigs.com\/ar\/wp-json\/wp\/v2\/product\/17070\/revisions\/26910"}],"wp:featuredmedia":[{"embeddable":true,"href":"https:\/\/nirigs.com\/ar\/wp-json\/wp\/v2\/media\/24628"}],"wp:attachment":[{"href":"https:\/\/nirigs.com\/ar\/wp-json\/wp\/v2\/media?parent=17070"}],"wp:term":[{"taxonomy":"pwb-brand","embeddable":true,"href":"https:\/\/nirigs.com\/ar\/wp-json\/wp\/v2\/pwb-brand?post=17070"},{"taxonomy":"product_brand","embeddable":true,"href":"https:\/\/nirigs.com\/ar\/wp-json\/wp\/v2\/product_brand?post=17070"},{"taxonomy":"product_cat","embeddable":true,"href":"https:\/\/nirigs.com\/ar\/wp-json\/wp\/v2\/product_cat?post=17070"},{"taxonomy":"product_tag","embeddable":true,"href":"https:\/\/nirigs.com\/ar\/wp-json\/wp\/v2\/product_tag?post=17070"}],"curies":[{"name":"wp","href":"https:\/\/api.w.org\/{rel}","templated":true}]}}