{"id":17066,"date":"2024-01-31T16:19:41","date_gmt":"2024-01-31T13:19:41","guid":{"rendered":"https:\/\/nirigs.com\/?post_type=product&#038;p=17066"},"modified":"2025-06-05T21:22:57","modified_gmt":"2025-06-05T18:22:57","slug":"rosemary-mint-strengthening-edge-gel-57g","status":"publish","type":"product","link":"https:\/\/nirigs.com\/ar\/product\/rosemary-mint-strengthening-edge-gel-57g\/","title":{"rendered":"\u0645\u064a\u0644\u064a \u2013 \u062c\u0644 \u062a\u0642\u0648\u064a\u0629 \u0627\u0644\u062d\u0648\u0627\u0641 \u0628\u0627\u0644\u0631\u0648\u0632\u0645\u0627\u0631\u064a \u0648\u0627\u0644\u0646\u0639\u0646\u0627\u0639 \u2013 57 \u062c\u0645"},"content":{"rendered":"<p><span class=\"a-list-item\">Le gel fortifiant Mielle Organics Rosemary Mint dompte les bords et les pointes des cheveux pour une brillance \u00e9l\u00e9gante et une coiffure impeccable sans r\u00e9sidus gommeux ou gras, quelle que soit votre texture ou votre style avec son Huile de feuille de romarin et sa biotine, il <\/span><span class=\"a-list-item\">apaise et contr\u00f4le la s\u00e9cheresse, les dommages, les frisottis et les pointes fourchues tout en ajoutant un parfum frais et tonifiant \u00e0 votre crini\u00e8re droite, boucl\u00e9e ou boucl\u00e9e avec un gel coiffant formul\u00e9 pour un style lisse ou audacieux.<\/span><\/p>\n<p><span class=\"a-list-item\"> Mielle Organics vise \u00e0 donner aux femmes de tous types et styles de cheveux des produits puissants et des ingr\u00e9dients doux et biologiques qui amplifient votre beaut\u00e9 naturelle et sont la \u00ab racine des r\u00e9sultats \u00bb qui vous laissent para\u00eetre et vous sentir au mieux<\/span><\/p>\n<h4>\u064a\u0633\u062a\u062e\u062f\u0645<\/h4>\n<ul>\n<li>Appliquez le gel sur les bords<\/li>\n<li>Lissez avec le bout des doigts ou un pinceau pour obtenir la tenue souhait\u00e9e.<\/li>\n<\/ul>\n<h4><b>\u0645\u0643\u0648\u0646\u0627\u062a<\/b><\/h4>\n<p>Water (Aqua, Eau), Ceteareth-25, Glycerin, PEG-7 Glyceryl Cocoate, PEG-40 Hydrogenated Castor Oil, Propylene Glycol, Ethylhexylglycerin, Olea Europaea (Olive) Fruit Oil, Mentha Piperita (Peppermint) Oil, Rosmarinus Officinalis (Rosemary) Leaf Oil, Equisetum Arvense (Horsetail Grass) Extract, *Orbignya Oleifera (Babassu) Seed Oil, *Zingiber Officinale (Ginger) Root Oil, *Cocos Nucifera (Coconut) Oil, Honey, Biotin, Lawsonia Inermis (Henna) Extract, Rosmarinus Officinalis (Rosemary) Leaves Extract, Humulus Lupulus (Hops) Extract, Urtica Dioica (Nettle) Extract, Phenoxyethanol, Anthemis Nobilis (Chamomile) Flower Extract, Symphytum Officinale (Comfrey) Leaves Extract, Benzoic Acid, Glycereth-2- Cocoate, Fragrance (Parfum)<\/p>","protected":false},"excerpt":{"rendered":"<p>Le gel fortifiant Mielle Organics Rosemary Mint dompte les bords et les pointes des cheveux pour une brillance \u00e9l\u00e9gante et<\/p>","protected":false},"featured_media":24640,"comment_status":"open","ping_status":"closed","template":"","meta":[],"pwb-brand":[757],"product_brand":[],"product_cat":[267,1022,1073,1071],"product_tag":[],"class_list":{"0":"post-17066","1":"product","2":"type-product","3":"status-publish","4":"has-post-thumbnail","6":"pwb-brand-mielle","7":"product_cat-beaute-et-soins","8":"product_cat-coiffures-et-soins-des-cheveux","9":"product_cat-gels-coiffants","10":"product_cat-produits-coiffants","12":"first","13":"instock","14":"shipping-taxable","15":"purchasable","16":"product-type-simple"},"yoast_head":"<!-- This site is optimized with the Yoast SEO plugin v27.4 - https:\/\/yoast.com\/product\/yoast-seo-wordpress\/ -->\n<title>Mielle - GEL RENFORCEMENT DES BORDS ROMARIN MENTHE - 57 g - NIRIGS<\/title>\n<meta name=\"robots\" content=\"index, follow, max-snippet:-1, max-image-preview:large, max-video-preview:-1\" \/>\n<link rel=\"canonical\" href=\"https:\/\/nirigs.com\/ar\/product\/rosemary-mint-strengthening-edge-gel-57g\/\" \/>\n<meta property=\"og:locale\" content=\"ar_AR\" \/>\n<meta property=\"og:type\" content=\"article\" \/>\n<meta property=\"og:title\" content=\"Mielle - GEL RENFORCEMENT DES BORDS ROMARIN MENTHE - 57 g - NIRIGS\" \/>\n<meta property=\"og:description\" content=\"Le gel fortifiant Mielle Organics Rosemary Mint dompte les bords et les pointes des cheveux pour une brillance \u00e9l\u00e9gante et\" \/>\n<meta property=\"og:url\" content=\"https:\/\/nirigs.com\/ar\/product\/rosemary-mint-strengthening-edge-gel-57g\/\" \/>\n<meta property=\"og:site_name\" content=\"NIRIGS\" \/>\n<meta property=\"article:modified_time\" content=\"2025-06-05T18:22:57+00:00\" \/>\n<meta property=\"og:image\" content=\"https:\/\/nirigs.com\/wp-content\/uploads\/2024\/01\/Mielle-\u2013-GEL-RENFORCEMENT-DES-BORDS-ROMARIN-MENTHE-\u2013-57-g.jpg\" \/>\n\t<meta property=\"og:image:width\" content=\"1000\" \/>\n\t<meta property=\"og:image:height\" content=\"1000\" \/>\n\t<meta property=\"og:image:type\" content=\"image\/jpeg\" \/>\n<meta name=\"twitter:card\" content=\"summary_large_image\" \/>\n<meta name=\"twitter:label1\" content=\"\u0648\u0642\u062a \u0627\u0644\u0642\u0631\u0627\u0621\u0629 \u0627\u0644\u0645\u064f\u0642\u062f\u0651\u0631\" \/>\n\t<meta name=\"twitter:data1\" content=\"\u062f\u0642\u064a\u0642\u0629 \u0648\u0627\u062d\u062f\u0629\" \/>\n<script type=\"application\/ld+json\" class=\"yoast-schema-graph\">{\"@context\":\"https:\\\/\\\/schema.org\",\"@graph\":[{\"@type\":\"WebPage\",\"@id\":\"https:\\\/\\\/nirigs.com\\\/product\\\/rosemary-mint-strengthening-edge-gel-57g\\\/\",\"url\":\"https:\\\/\\\/nirigs.com\\\/product\\\/rosemary-mint-strengthening-edge-gel-57g\\\/\",\"name\":\"Mielle - GEL RENFORCEMENT DES BORDS ROMARIN MENTHE - 57 g - NIRIGS\",\"isPartOf\":{\"@id\":\"https:\\\/\\\/nirigs.com\\\/#website\"},\"primaryImageOfPage\":{\"@id\":\"https:\\\/\\\/nirigs.com\\\/product\\\/rosemary-mint-strengthening-edge-gel-57g\\\/#primaryimage\"},\"image\":{\"@id\":\"https:\\\/\\\/nirigs.com\\\/product\\\/rosemary-mint-strengthening-edge-gel-57g\\\/#primaryimage\"},\"thumbnailUrl\":\"https:\\\/\\\/nirigs.com\\\/wp-content\\\/uploads\\\/2024\\\/01\\\/Mielle-\u2013-GEL-RENFORCEMENT-DES-BORDS-ROMARIN-MENTHE-\u2013-57-g.jpg\",\"datePublished\":\"2024-01-31T13:19:41+00:00\",\"dateModified\":\"2025-06-05T18:22:57+00:00\",\"breadcrumb\":{\"@id\":\"https:\\\/\\\/nirigs.com\\\/product\\\/rosemary-mint-strengthening-edge-gel-57g\\\/#breadcrumb\"},\"inLanguage\":\"ar\",\"potentialAction\":[{\"@type\":\"ReadAction\",\"target\":[\"https:\\\/\\\/nirigs.com\\\/product\\\/rosemary-mint-strengthening-edge-gel-57g\\\/\"]}]},{\"@type\":\"ImageObject\",\"inLanguage\":\"ar\",\"@id\":\"https:\\\/\\\/nirigs.com\\\/product\\\/rosemary-mint-strengthening-edge-gel-57g\\\/#primaryimage\",\"url\":\"https:\\\/\\\/nirigs.com\\\/wp-content\\\/uploads\\\/2024\\\/01\\\/Mielle-\u2013-GEL-RENFORCEMENT-DES-BORDS-ROMARIN-MENTHE-\u2013-57-g.jpg\",\"contentUrl\":\"https:\\\/\\\/nirigs.com\\\/wp-content\\\/uploads\\\/2024\\\/01\\\/Mielle-\u2013-GEL-RENFORCEMENT-DES-BORDS-ROMARIN-MENTHE-\u2013-57-g.jpg\",\"width\":1000,\"height\":1000},{\"@type\":\"BreadcrumbList\",\"@id\":\"https:\\\/\\\/nirigs.com\\\/product\\\/rosemary-mint-strengthening-edge-gel-57g\\\/#breadcrumb\",\"itemListElement\":[{\"@type\":\"ListItem\",\"position\":1,\"name\":\"Home\",\"item\":\"https:\\\/\\\/nirigs.com\\\/\"},{\"@type\":\"ListItem\",\"position\":2,\"name\":\"Parcourir\",\"item\":\"https:\\\/\\\/nirigs.com\\\/boutique\\\/\"},{\"@type\":\"ListItem\",\"position\":3,\"name\":\"Mielle &#8211; GEL RENFORCEMENT DES BORDS ROMARIN MENTHE &#8211; 57 g\"}]},{\"@type\":\"WebSite\",\"@id\":\"https:\\\/\\\/nirigs.com\\\/#website\",\"url\":\"https:\\\/\\\/nirigs.com\\\/\",\"name\":\"Nirigs.com\",\"description\":\"Simplifiez vos achats du quotidien \u00e0 Djibouti\",\"publisher\":{\"@id\":\"https:\\\/\\\/nirigs.com\\\/#organization\"},\"potentialAction\":[{\"@type\":\"SearchAction\",\"target\":{\"@type\":\"EntryPoint\",\"urlTemplate\":\"https:\\\/\\\/nirigs.com\\\/?s={search_term_string}\"},\"query-input\":{\"@type\":\"PropertyValueSpecification\",\"valueRequired\":true,\"valueName\":\"search_term_string\"}}],\"inLanguage\":\"ar\"},{\"@type\":\"Organization\",\"@id\":\"https:\\\/\\\/nirigs.com\\\/#organization\",\"name\":\"Nirigs\",\"url\":\"https:\\\/\\\/nirigs.com\\\/\",\"logo\":{\"@type\":\"ImageObject\",\"inLanguage\":\"ar\",\"@id\":\"https:\\\/\\\/nirigs.com\\\/#\\\/schema\\\/logo\\\/image\\\/\",\"url\":\"https:\\\/\\\/nirigs.com\\\/wp-content\\\/uploads\\\/2025\\\/04\\\/Design-sans-titre-27.png\",\"contentUrl\":\"https:\\\/\\\/nirigs.com\\\/wp-content\\\/uploads\\\/2025\\\/04\\\/Design-sans-titre-27.png\",\"width\":500,\"height\":500,\"caption\":\"Nirigs\"},\"image\":{\"@id\":\"https:\\\/\\\/nirigs.com\\\/#\\\/schema\\\/logo\\\/image\\\/\"}}]}<\/script>\n<!-- \/ Yoast SEO plugin. -->","yoast_head_json":{"title":"Mielle - GEL RENFORCEMENT DES BORDS ROMARIN MENTHE - 57 g - NIRIGS","robots":{"index":"index","follow":"follow","max-snippet":"max-snippet:-1","max-image-preview":"max-image-preview:large","max-video-preview":"max-video-preview:-1"},"canonical":"https:\/\/nirigs.com\/ar\/product\/rosemary-mint-strengthening-edge-gel-57g\/","og_locale":"ar_AR","og_type":"article","og_title":"Mielle - GEL RENFORCEMENT DES BORDS ROMARIN MENTHE - 57 g - NIRIGS","og_description":"Le gel fortifiant Mielle Organics Rosemary Mint dompte les bords et les pointes des cheveux pour une brillance \u00e9l\u00e9gante et","og_url":"https:\/\/nirigs.com\/ar\/product\/rosemary-mint-strengthening-edge-gel-57g\/","og_site_name":"NIRIGS","article_modified_time":"2025-06-05T18:22:57+00:00","og_image":[{"width":1000,"height":1000,"url":"https:\/\/nirigs.com\/wp-content\/uploads\/2024\/01\/Mielle-\u2013-GEL-RENFORCEMENT-DES-BORDS-ROMARIN-MENTHE-\u2013-57-g.jpg","type":"image\/jpeg"}],"twitter_card":"summary_large_image","twitter_misc":{"\u0648\u0642\u062a \u0627\u0644\u0642\u0631\u0627\u0621\u0629 \u0627\u0644\u0645\u064f\u0642\u062f\u0651\u0631":"\u062f\u0642\u064a\u0642\u0629 \u0648\u0627\u062d\u062f\u0629"},"schema":{"@context":"https:\/\/schema.org","@graph":[{"@type":"WebPage","@id":"https:\/\/nirigs.com\/product\/rosemary-mint-strengthening-edge-gel-57g\/","url":"https:\/\/nirigs.com\/product\/rosemary-mint-strengthening-edge-gel-57g\/","name":"Mielle - GEL RENFORCEMENT DES BORDS ROMARIN MENTHE - 57 g - NIRIGS","isPartOf":{"@id":"https:\/\/nirigs.com\/#website"},"primaryImageOfPage":{"@id":"https:\/\/nirigs.com\/product\/rosemary-mint-strengthening-edge-gel-57g\/#primaryimage"},"image":{"@id":"https:\/\/nirigs.com\/product\/rosemary-mint-strengthening-edge-gel-57g\/#primaryimage"},"thumbnailUrl":"https:\/\/nirigs.com\/wp-content\/uploads\/2024\/01\/Mielle-\u2013-GEL-RENFORCEMENT-DES-BORDS-ROMARIN-MENTHE-\u2013-57-g.jpg","datePublished":"2024-01-31T13:19:41+00:00","dateModified":"2025-06-05T18:22:57+00:00","breadcrumb":{"@id":"https:\/\/nirigs.com\/product\/rosemary-mint-strengthening-edge-gel-57g\/#breadcrumb"},"inLanguage":"ar","potentialAction":[{"@type":"ReadAction","target":["https:\/\/nirigs.com\/product\/rosemary-mint-strengthening-edge-gel-57g\/"]}]},{"@type":"ImageObject","inLanguage":"ar","@id":"https:\/\/nirigs.com\/product\/rosemary-mint-strengthening-edge-gel-57g\/#primaryimage","url":"https:\/\/nirigs.com\/wp-content\/uploads\/2024\/01\/Mielle-\u2013-GEL-RENFORCEMENT-DES-BORDS-ROMARIN-MENTHE-\u2013-57-g.jpg","contentUrl":"https:\/\/nirigs.com\/wp-content\/uploads\/2024\/01\/Mielle-\u2013-GEL-RENFORCEMENT-DES-BORDS-ROMARIN-MENTHE-\u2013-57-g.jpg","width":1000,"height":1000},{"@type":"BreadcrumbList","@id":"https:\/\/nirigs.com\/product\/rosemary-mint-strengthening-edge-gel-57g\/#breadcrumb","itemListElement":[{"@type":"ListItem","position":1,"name":"Home","item":"https:\/\/nirigs.com\/"},{"@type":"ListItem","position":2,"name":"Parcourir","item":"https:\/\/nirigs.com\/boutique\/"},{"@type":"ListItem","position":3,"name":"Mielle &#8211; GEL RENFORCEMENT DES BORDS ROMARIN MENTHE &#8211; 57 g"}]},{"@type":"WebSite","@id":"https:\/\/nirigs.com\/#website","url":"https:\/\/nirigs.com\/","name":"Nirigs.com","description":"Simplifiez vos achats du quotidien \u00e0 Djibouti","publisher":{"@id":"https:\/\/nirigs.com\/#organization"},"potentialAction":[{"@type":"SearchAction","target":{"@type":"EntryPoint","urlTemplate":"https:\/\/nirigs.com\/?s={search_term_string}"},"query-input":{"@type":"PropertyValueSpecification","valueRequired":true,"valueName":"search_term_string"}}],"inLanguage":"ar"},{"@type":"Organization","@id":"https:\/\/nirigs.com\/#organization","name":"\u0646\u064a\u0631\u064a\u062c\u0633","url":"https:\/\/nirigs.com\/","logo":{"@type":"ImageObject","inLanguage":"ar","@id":"https:\/\/nirigs.com\/#\/schema\/logo\/image\/","url":"https:\/\/nirigs.com\/wp-content\/uploads\/2025\/04\/Design-sans-titre-27.png","contentUrl":"https:\/\/nirigs.com\/wp-content\/uploads\/2025\/04\/Design-sans-titre-27.png","width":500,"height":500,"caption":"Nirigs"},"image":{"@id":"https:\/\/nirigs.com\/#\/schema\/logo\/image\/"}}]}},"brands":[{"id":757,"name":"\u0645\u0639\u0633\u0644","slug":"mielle"}],"_links":{"self":[{"href":"https:\/\/nirigs.com\/ar\/wp-json\/wp\/v2\/product\/17066","targetHints":{"allow":["GET"]}}],"collection":[{"href":"https:\/\/nirigs.com\/ar\/wp-json\/wp\/v2\/product"}],"about":[{"href":"https:\/\/nirigs.com\/ar\/wp-json\/wp\/v2\/types\/product"}],"replies":[{"embeddable":true,"href":"https:\/\/nirigs.com\/ar\/wp-json\/wp\/v2\/comments?post=17066"}],"version-history":[{"count":9,"href":"https:\/\/nirigs.com\/ar\/wp-json\/wp\/v2\/product\/17066\/revisions"}],"predecessor-version":[{"id":24642,"href":"https:\/\/nirigs.com\/ar\/wp-json\/wp\/v2\/product\/17066\/revisions\/24642"}],"wp:featuredmedia":[{"embeddable":true,"href":"https:\/\/nirigs.com\/ar\/wp-json\/wp\/v2\/media\/24640"}],"wp:attachment":[{"href":"https:\/\/nirigs.com\/ar\/wp-json\/wp\/v2\/media?parent=17066"}],"wp:term":[{"taxonomy":"pwb-brand","embeddable":true,"href":"https:\/\/nirigs.com\/ar\/wp-json\/wp\/v2\/pwb-brand?post=17066"},{"taxonomy":"product_brand","embeddable":true,"href":"https:\/\/nirigs.com\/ar\/wp-json\/wp\/v2\/product_brand?post=17066"},{"taxonomy":"product_cat","embeddable":true,"href":"https:\/\/nirigs.com\/ar\/wp-json\/wp\/v2\/product_cat?post=17066"},{"taxonomy":"product_tag","embeddable":true,"href":"https:\/\/nirigs.com\/ar\/wp-json\/wp\/v2\/product_tag?post=17066"}],"curies":[{"name":"wp","href":"https:\/\/api.w.org\/{rel}","templated":true}]}}