{"id":17033,"date":"2024-01-30T15:43:18","date_gmt":"2024-01-30T12:43:18","guid":{"rendered":"https:\/\/nirigs.com\/?post_type=product&#038;p=17033"},"modified":"2026-02-26T17:18:50","modified_gmt":"2026-02-26T14:18:50","slug":"hawaiian-ginger-leave-in-conditioner-355-ml","status":"publish","type":"product","link":"https:\/\/nirigs.com\/ar\/product\/hawaiian-ginger-leave-in-conditioner-355-ml\/","title":{"rendered":"\u0645\u064a\u0644\u064a \u2013 \u0628\u0644\u0633\u0645 \u064a\u062a\u0631\u0643 \u0639\u0644\u0649 \u0627\u0644\u0634\u0639\u0631 \u0628\u0627\u0644\u0632\u0646\u062c\u0628\u064a\u0644 \u0647\u0627\u0648\u0627\u064a \u2013 355 \u0645\u0644"},"content":{"rendered":"<p>La collection Moisture RX de Mielle vous propose les produits id\u00e9aux pour une hydratation en profondeur ! Leur rin\u00e7age hydratant et revitalisant redonne de la brillance \u00e0 vos cheveux et emprisonne l&rsquo;humidit\u00e9. De plus, il permet une d\u00e9finition des boucles longue dur\u00e9e. Ce sans rin\u00e7age hydratant Mielle au gingembre hawa\u00efen hydrate vos cheveux comme vous ne l&rsquo;avez jamais imagin\u00e9 ! Vous pourrez voir et ressentir la diff\u00e9rence que cela fait ! Int\u00e9grez-le \u00e0 votre routine capillaire pour \u00e9liminer les frisottis et ajouter de la brillance.<\/p>\n<p>Il est formul\u00e9 avec des ingr\u00e9dients naturels tels que les huiles d&rsquo;avocat, d&rsquo;amande et de gingembre. Ceux-ci assurent la capture de l&rsquo;humidit\u00e9 pour conserver l&rsquo;hydratation essentielle de vos cheveux sur le long terme. Vos cheveux sont prot\u00e9g\u00e9s de la racine jusqu&rsquo;aux pointes. Vous d\u00e9couvrirez vos boucles d\u00e9finies et saines comme jamais auparavant. Appliquez g\u00e9n\u00e9reusement et utilisez votre outil d\u00e9m\u00ealant pr\u00e9f\u00e9r\u00e9 pour red\u00e9finir chacune de vos boucles. D\u00e9couvrez toute la collection Moisture RX de Mielle pour les cheveux particuli\u00e8rement secs et assoiff\u00e9s !<\/p>\n<p>Pour compl\u00e9ter les bienfaits de cet apr\u00e8s-shampooing sans rin\u00e7age, l&rsquo;\u00e9quipe S&amp;H vous recommande d&rsquo;utiliser d&rsquo;abord le shampoing hydratant anti-casse, suivi de l&rsquo;apr\u00e8s-shampooing de la m\u00eame gamme. Pour un soin r\u00e9gulier de tous vos cheveux, nous vous proposons \u00e9galement un beurre capillaire, un masque de nuit et le soin du cuir chevelu Moisture RX de la m\u00eame marque. Enfin, pour fixer votre style, vous trouverez le gel coiffant Mielle Organics.<\/p>\n<h4>\u064a\u0633\u062a\u062e\u062f\u0645<\/h4>\n<ul>\n<li>Appliquer sur les cheveux propres et humides.<\/li>\n<li>Laisser poser quelques minutes.<\/li>\n<li>Puis rincer abondamment.<\/li>\n<\/ul>\n<h4>\u0627\u0644\u0645\u0643\u0648\u0646<\/h4>\n<p>Ingredientes: Water (Aqua, Eau), Glycerin (Vegetable), Behentrimonium Methosulfate, Cetearyl Alcohol, Stearyl Alcohol, Prunus Amygdalus Dulcis (Sweet Almond) Oil, Cetyl Alcohol, Triethyl Citrate, Ceteareth-20, Persea Gratissima (Avocado) Oil, Sesamum Indicum (Sesame) Seed Oil, Olea Europaea (Olive) Fruit Oil, Phenoxyethanol, Caprylyl Glycol, Fragrance (Parfum), Zingiber Officinale (Ginger) Root Oil, Chamomilla Recutita (Matricaria) Flower Extract, Vaccinium Myrtillus Fruit Extract, Saccharum Officinarum (Sugar Cane) Extract, Acer Saccharinum (Sugar Maple) Extract &amp; Citrus Aurantium Dulcis (Orange) Fruit Extract, Citrus Limon (Lemon) Fruit Extract<\/p>","protected":false},"excerpt":{"rendered":"<p>La collection Moisture RX de Mielle vous propose les produits id\u00e9aux pour une hydratation en profondeur ! Leur rin\u00e7age hydratant<\/p>","protected":false},"featured_media":24694,"comment_status":"open","ping_status":"closed","template":"","meta":[],"pwb-brand":[757],"product_brand":[],"product_cat":[1025,267,1022,1024],"product_tag":[],"class_list":{"0":"post-17033","1":"product","2":"type-product","3":"status-publish","4":"has-post-thumbnail","6":"pwb-brand-mielle","7":"product_cat-apres-shampooings","8":"product_cat-beaute-et-soins","9":"product_cat-coiffures-et-soins-des-cheveux","10":"product_cat-soins-des-cheveux","12":"first","13":"outofstock","14":"shipping-taxable","15":"purchasable","16":"product-type-simple"},"yoast_head":"<!-- This site is optimized with the Yoast SEO plugin v27.4 - https:\/\/yoast.com\/product\/yoast-seo-wordpress\/ -->\n<title>Mielle - Revitalisant sans rin\u00e7age au gingembre hawa\u00efen - 355 ml - NIRIGS<\/title>\n<meta name=\"robots\" content=\"index, follow, max-snippet:-1, max-image-preview:large, max-video-preview:-1\" \/>\n<link rel=\"canonical\" href=\"https:\/\/nirigs.com\/ar\/product\/hawaiian-ginger-leave-in-conditioner-355-ml\/\" \/>\n<meta property=\"og:locale\" content=\"ar_AR\" \/>\n<meta property=\"og:type\" content=\"article\" \/>\n<meta property=\"og:title\" content=\"Mielle - Revitalisant sans rin\u00e7age au gingembre hawa\u00efen - 355 ml - NIRIGS\" \/>\n<meta property=\"og:description\" content=\"La collection Moisture RX de Mielle vous propose les produits id\u00e9aux pour une hydratation en profondeur ! Leur rin\u00e7age hydratant\" \/>\n<meta property=\"og:url\" content=\"https:\/\/nirigs.com\/ar\/product\/hawaiian-ginger-leave-in-conditioner-355-ml\/\" \/>\n<meta property=\"og:site_name\" content=\"NIRIGS\" \/>\n<meta property=\"article:modified_time\" content=\"2026-02-26T14:18:50+00:00\" \/>\n<meta property=\"og:image\" content=\"https:\/\/nirigs.com\/wp-content\/uploads\/2024\/01\/Mielle-\u2013-Revitalisant-sans-rincage-au-gingembre-hawaien-\u2013-355-ml.jpg\" \/>\n\t<meta property=\"og:image:width\" content=\"1000\" \/>\n\t<meta property=\"og:image:height\" content=\"1000\" \/>\n\t<meta property=\"og:image:type\" content=\"image\/jpeg\" \/>\n<meta name=\"twitter:card\" content=\"summary_large_image\" \/>\n<meta name=\"twitter:label1\" content=\"\u0648\u0642\u062a \u0627\u0644\u0642\u0631\u0627\u0621\u0629 \u0627\u0644\u0645\u064f\u0642\u062f\u0651\u0631\" \/>\n\t<meta name=\"twitter:data1\" content=\"\u062f\u0642\u064a\u0642\u062a\u0627\u0646\" \/>\n<script type=\"application\/ld+json\" class=\"yoast-schema-graph\">{\"@context\":\"https:\\\/\\\/schema.org\",\"@graph\":[{\"@type\":\"WebPage\",\"@id\":\"https:\\\/\\\/nirigs.com\\\/product\\\/hawaiian-ginger-leave-in-conditioner-355-ml\\\/\",\"url\":\"https:\\\/\\\/nirigs.com\\\/product\\\/hawaiian-ginger-leave-in-conditioner-355-ml\\\/\",\"name\":\"Mielle - Revitalisant sans rin\u00e7age au gingembre hawa\u00efen - 355 ml - NIRIGS\",\"isPartOf\":{\"@id\":\"https:\\\/\\\/nirigs.com\\\/#website\"},\"primaryImageOfPage\":{\"@id\":\"https:\\\/\\\/nirigs.com\\\/product\\\/hawaiian-ginger-leave-in-conditioner-355-ml\\\/#primaryimage\"},\"image\":{\"@id\":\"https:\\\/\\\/nirigs.com\\\/product\\\/hawaiian-ginger-leave-in-conditioner-355-ml\\\/#primaryimage\"},\"thumbnailUrl\":\"https:\\\/\\\/nirigs.com\\\/wp-content\\\/uploads\\\/2024\\\/01\\\/Mielle-\u2013-Revitalisant-sans-rincage-au-gingembre-hawaien-\u2013-355-ml.jpg\",\"datePublished\":\"2024-01-30T12:43:18+00:00\",\"dateModified\":\"2026-02-26T14:18:50+00:00\",\"breadcrumb\":{\"@id\":\"https:\\\/\\\/nirigs.com\\\/product\\\/hawaiian-ginger-leave-in-conditioner-355-ml\\\/#breadcrumb\"},\"inLanguage\":\"ar\",\"potentialAction\":[{\"@type\":\"ReadAction\",\"target\":[\"https:\\\/\\\/nirigs.com\\\/product\\\/hawaiian-ginger-leave-in-conditioner-355-ml\\\/\"]}]},{\"@type\":\"ImageObject\",\"inLanguage\":\"ar\",\"@id\":\"https:\\\/\\\/nirigs.com\\\/product\\\/hawaiian-ginger-leave-in-conditioner-355-ml\\\/#primaryimage\",\"url\":\"https:\\\/\\\/nirigs.com\\\/wp-content\\\/uploads\\\/2024\\\/01\\\/Mielle-\u2013-Revitalisant-sans-rincage-au-gingembre-hawaien-\u2013-355-ml.jpg\",\"contentUrl\":\"https:\\\/\\\/nirigs.com\\\/wp-content\\\/uploads\\\/2024\\\/01\\\/Mielle-\u2013-Revitalisant-sans-rincage-au-gingembre-hawaien-\u2013-355-ml.jpg\",\"width\":1000,\"height\":1000},{\"@type\":\"BreadcrumbList\",\"@id\":\"https:\\\/\\\/nirigs.com\\\/product\\\/hawaiian-ginger-leave-in-conditioner-355-ml\\\/#breadcrumb\",\"itemListElement\":[{\"@type\":\"ListItem\",\"position\":1,\"name\":\"Home\",\"item\":\"https:\\\/\\\/nirigs.com\\\/\"},{\"@type\":\"ListItem\",\"position\":2,\"name\":\"Parcourir\",\"item\":\"https:\\\/\\\/nirigs.com\\\/boutique\\\/\"},{\"@type\":\"ListItem\",\"position\":3,\"name\":\"Mielle &#8211; Revitalisant sans rin\u00e7age au gingembre hawa\u00efen &#8211; 355 ml\"}]},{\"@type\":\"WebSite\",\"@id\":\"https:\\\/\\\/nirigs.com\\\/#website\",\"url\":\"https:\\\/\\\/nirigs.com\\\/\",\"name\":\"Nirigs.com\",\"description\":\"Simplifiez vos achats du quotidien \u00e0 Djibouti\",\"publisher\":{\"@id\":\"https:\\\/\\\/nirigs.com\\\/#organization\"},\"potentialAction\":[{\"@type\":\"SearchAction\",\"target\":{\"@type\":\"EntryPoint\",\"urlTemplate\":\"https:\\\/\\\/nirigs.com\\\/?s={search_term_string}\"},\"query-input\":{\"@type\":\"PropertyValueSpecification\",\"valueRequired\":true,\"valueName\":\"search_term_string\"}}],\"inLanguage\":\"ar\"},{\"@type\":\"Organization\",\"@id\":\"https:\\\/\\\/nirigs.com\\\/#organization\",\"name\":\"Nirigs\",\"url\":\"https:\\\/\\\/nirigs.com\\\/\",\"logo\":{\"@type\":\"ImageObject\",\"inLanguage\":\"ar\",\"@id\":\"https:\\\/\\\/nirigs.com\\\/#\\\/schema\\\/logo\\\/image\\\/\",\"url\":\"https:\\\/\\\/nirigs.com\\\/wp-content\\\/uploads\\\/2025\\\/04\\\/Design-sans-titre-27.png\",\"contentUrl\":\"https:\\\/\\\/nirigs.com\\\/wp-content\\\/uploads\\\/2025\\\/04\\\/Design-sans-titre-27.png\",\"width\":500,\"height\":500,\"caption\":\"Nirigs\"},\"image\":{\"@id\":\"https:\\\/\\\/nirigs.com\\\/#\\\/schema\\\/logo\\\/image\\\/\"}}]}<\/script>\n<!-- \/ Yoast SEO plugin. -->","yoast_head_json":{"title":"Mielle - Revitalisant sans rin\u00e7age au gingembre hawa\u00efen - 355 ml - NIRIGS","robots":{"index":"index","follow":"follow","max-snippet":"max-snippet:-1","max-image-preview":"max-image-preview:large","max-video-preview":"max-video-preview:-1"},"canonical":"https:\/\/nirigs.com\/ar\/product\/hawaiian-ginger-leave-in-conditioner-355-ml\/","og_locale":"ar_AR","og_type":"article","og_title":"Mielle - Revitalisant sans rin\u00e7age au gingembre hawa\u00efen - 355 ml - NIRIGS","og_description":"La collection Moisture RX de Mielle vous propose les produits id\u00e9aux pour une hydratation en profondeur ! Leur rin\u00e7age hydratant","og_url":"https:\/\/nirigs.com\/ar\/product\/hawaiian-ginger-leave-in-conditioner-355-ml\/","og_site_name":"NIRIGS","article_modified_time":"2026-02-26T14:18:50+00:00","og_image":[{"width":1000,"height":1000,"url":"https:\/\/nirigs.com\/wp-content\/uploads\/2024\/01\/Mielle-\u2013-Revitalisant-sans-rincage-au-gingembre-hawaien-\u2013-355-ml.jpg","type":"image\/jpeg"}],"twitter_card":"summary_large_image","twitter_misc":{"\u0648\u0642\u062a \u0627\u0644\u0642\u0631\u0627\u0621\u0629 \u0627\u0644\u0645\u064f\u0642\u062f\u0651\u0631":"\u062f\u0642\u064a\u0642\u062a\u0627\u0646"},"schema":{"@context":"https:\/\/schema.org","@graph":[{"@type":"WebPage","@id":"https:\/\/nirigs.com\/product\/hawaiian-ginger-leave-in-conditioner-355-ml\/","url":"https:\/\/nirigs.com\/product\/hawaiian-ginger-leave-in-conditioner-355-ml\/","name":"Mielle - Revitalisant sans rin\u00e7age au gingembre hawa\u00efen - 355 ml - NIRIGS","isPartOf":{"@id":"https:\/\/nirigs.com\/#website"},"primaryImageOfPage":{"@id":"https:\/\/nirigs.com\/product\/hawaiian-ginger-leave-in-conditioner-355-ml\/#primaryimage"},"image":{"@id":"https:\/\/nirigs.com\/product\/hawaiian-ginger-leave-in-conditioner-355-ml\/#primaryimage"},"thumbnailUrl":"https:\/\/nirigs.com\/wp-content\/uploads\/2024\/01\/Mielle-\u2013-Revitalisant-sans-rincage-au-gingembre-hawaien-\u2013-355-ml.jpg","datePublished":"2024-01-30T12:43:18+00:00","dateModified":"2026-02-26T14:18:50+00:00","breadcrumb":{"@id":"https:\/\/nirigs.com\/product\/hawaiian-ginger-leave-in-conditioner-355-ml\/#breadcrumb"},"inLanguage":"ar","potentialAction":[{"@type":"ReadAction","target":["https:\/\/nirigs.com\/product\/hawaiian-ginger-leave-in-conditioner-355-ml\/"]}]},{"@type":"ImageObject","inLanguage":"ar","@id":"https:\/\/nirigs.com\/product\/hawaiian-ginger-leave-in-conditioner-355-ml\/#primaryimage","url":"https:\/\/nirigs.com\/wp-content\/uploads\/2024\/01\/Mielle-\u2013-Revitalisant-sans-rincage-au-gingembre-hawaien-\u2013-355-ml.jpg","contentUrl":"https:\/\/nirigs.com\/wp-content\/uploads\/2024\/01\/Mielle-\u2013-Revitalisant-sans-rincage-au-gingembre-hawaien-\u2013-355-ml.jpg","width":1000,"height":1000},{"@type":"BreadcrumbList","@id":"https:\/\/nirigs.com\/product\/hawaiian-ginger-leave-in-conditioner-355-ml\/#breadcrumb","itemListElement":[{"@type":"ListItem","position":1,"name":"Home","item":"https:\/\/nirigs.com\/"},{"@type":"ListItem","position":2,"name":"Parcourir","item":"https:\/\/nirigs.com\/boutique\/"},{"@type":"ListItem","position":3,"name":"Mielle &#8211; Revitalisant sans rin\u00e7age au gingembre hawa\u00efen &#8211; 355 ml"}]},{"@type":"WebSite","@id":"https:\/\/nirigs.com\/#website","url":"https:\/\/nirigs.com\/","name":"Nirigs.com","description":"Simplifiez vos achats du quotidien \u00e0 Djibouti","publisher":{"@id":"https:\/\/nirigs.com\/#organization"},"potentialAction":[{"@type":"SearchAction","target":{"@type":"EntryPoint","urlTemplate":"https:\/\/nirigs.com\/?s={search_term_string}"},"query-input":{"@type":"PropertyValueSpecification","valueRequired":true,"valueName":"search_term_string"}}],"inLanguage":"ar"},{"@type":"Organization","@id":"https:\/\/nirigs.com\/#organization","name":"\u0646\u064a\u0631\u064a\u062c\u0633","url":"https:\/\/nirigs.com\/","logo":{"@type":"ImageObject","inLanguage":"ar","@id":"https:\/\/nirigs.com\/#\/schema\/logo\/image\/","url":"https:\/\/nirigs.com\/wp-content\/uploads\/2025\/04\/Design-sans-titre-27.png","contentUrl":"https:\/\/nirigs.com\/wp-content\/uploads\/2025\/04\/Design-sans-titre-27.png","width":500,"height":500,"caption":"Nirigs"},"image":{"@id":"https:\/\/nirigs.com\/#\/schema\/logo\/image\/"}}]}},"brands":[{"id":757,"name":"\u0645\u0639\u0633\u0644","slug":"mielle"}],"_links":{"self":[{"href":"https:\/\/nirigs.com\/ar\/wp-json\/wp\/v2\/product\/17033","targetHints":{"allow":["GET"]}}],"collection":[{"href":"https:\/\/nirigs.com\/ar\/wp-json\/wp\/v2\/product"}],"about":[{"href":"https:\/\/nirigs.com\/ar\/wp-json\/wp\/v2\/types\/product"}],"replies":[{"embeddable":true,"href":"https:\/\/nirigs.com\/ar\/wp-json\/wp\/v2\/comments?post=17033"}],"version-history":[{"count":6,"href":"https:\/\/nirigs.com\/ar\/wp-json\/wp\/v2\/product\/17033\/revisions"}],"predecessor-version":[{"id":24690,"href":"https:\/\/nirigs.com\/ar\/wp-json\/wp\/v2\/product\/17033\/revisions\/24690"}],"wp:featuredmedia":[{"embeddable":true,"href":"https:\/\/nirigs.com\/ar\/wp-json\/wp\/v2\/media\/24694"}],"wp:attachment":[{"href":"https:\/\/nirigs.com\/ar\/wp-json\/wp\/v2\/media?parent=17033"}],"wp:term":[{"taxonomy":"pwb-brand","embeddable":true,"href":"https:\/\/nirigs.com\/ar\/wp-json\/wp\/v2\/pwb-brand?post=17033"},{"taxonomy":"product_brand","embeddable":true,"href":"https:\/\/nirigs.com\/ar\/wp-json\/wp\/v2\/product_brand?post=17033"},{"taxonomy":"product_cat","embeddable":true,"href":"https:\/\/nirigs.com\/ar\/wp-json\/wp\/v2\/product_cat?post=17033"},{"taxonomy":"product_tag","embeddable":true,"href":"https:\/\/nirigs.com\/ar\/wp-json\/wp\/v2\/product_tag?post=17033"}],"curies":[{"name":"wp","href":"https:\/\/api.w.org\/{rel}","templated":true}]}}