{"id":17031,"date":"2024-01-30T15:46:34","date_gmt":"2024-01-30T12:46:34","guid":{"rendered":"https:\/\/nirigs.com\/?post_type=product&#038;p=17031"},"modified":"2025-03-16T10:53:51","modified_gmt":"2025-03-16T07:53:51","slug":"mongongo-oil-thermal-and-heat-protector-spray-118-ml","status":"publish","type":"product","link":"https:\/\/nirigs.com\/ar\/product\/mongongo-oil-thermal-and-heat-protector-spray-118-ml\/","title":{"rendered":"\u0645\u064a\u0644\u064a \u2013 \u0628\u062e\u0627\u062e \u062d\u0645\u0627\u064a\u0629 \u062d\u0631\u0627\u0631\u064a \u0648 \u062d\u0631\u0627\u0631\u064a \u0628\u0632\u064a\u062a \u0627\u0644\u0645\u0648\u0646\u062c\u0648\u0646\u062c\u0648 \u2013 118 \u0645\u0644"},"content":{"rendered":"<p>Prot\u00e9gez vos cheveux des effets n\u00e9fastes des outils de coiffage chauffants. La chaleur d\u00e9gag\u00e9e par les plaques de lissage, les s\u00e8che-cheveux risquent d\u2019endommager irr\u00e9versiblement les cheveux boucl\u00e9s, fris\u00e9s, cr\u00e9pus particuli\u00e8rement fragiles. Le Soin Thermo Protecteur MIELLE ORGANICS assure une\u00a0intense protection contre la chaleur,\u00a0\u00e9limine les frisottis\u00a0et apporte de la\u00a0brillance. Son secret ? Les huiles bios d\u2019Amande douce, d\u2019Argan, de Mongongo associ\u00e9es aux silicones.<\/p>\n<h4>\u064a\u0633\u062a\u062e\u062f\u0645<\/h4>\n<ul>\n<li>Vaporisez des racines aux pointes en veillant \u00e0 une r\u00e9partition homog\u00e8ne.<\/li>\n<li>Laissez s\u00e9cher les cheveux avant d\u2019utiliser le lisseur thermique ou de faire votre brushing.<\/li>\n<\/ul>\n<h4>\u0627\u0644\u0645\u0643\u0648\u0646<\/h4>\n<p>Water (Aqua, Eau), Cetearyl Alcohol, Polysorbate 60, Amodimethicone, Cetrimonium, Chloride, Trideceth-12, Glycerin,Propylene Glycol, Peg-12 Dimethicone, Polysorbate-20, PVP, * Prunus Amygdalus Dulcis (Sweet Almond) Oil, * Plukenetia Volubilis (Sacha Inchi) Seed Oil, *Argania Spinosa (Argan) Kernel Oil, *Schinziophyton Rautanenii (Mongongo) Kernel Oil, * Vitis Vinifera (Grape) Seed Oil, Disodium EDTA, Tocopheryl, Acetate, Cyclopentasiloxane, Dimethiconol, Hydrolyzed Wheat Protein, Fragrance (Parfum), Phenoxyethanol, Benzoic Acid, Ethylhexylglycerin, Glycereth-2 Cocoate<\/p>","protected":false},"excerpt":{"rendered":"<p>Prot\u00e9gez vos cheveux des effets n\u00e9fastes des outils de coiffage chauffants. La chaleur d\u00e9gag\u00e9e par les plaques de lissage, les<\/p>","protected":false},"featured_media":24678,"comment_status":"open","ping_status":"closed","template":"","meta":[],"pwb-brand":[757],"product_brand":[],"product_cat":[267,1022,1023],"product_tag":[],"class_list":{"0":"post-17031","1":"product","2":"type-product","3":"status-publish","4":"has-post-thumbnail","6":"pwb-brand-mielle","7":"product_cat-beaute-et-soins","8":"product_cat-coiffures-et-soins-des-cheveux","9":"product_cat-huile-pour-cheveux","11":"first","12":"outofstock","13":"shipping-taxable","14":"purchasable","15":"product-type-simple"},"yoast_head":"<!-- This site is optimized with the Yoast SEO plugin v27.4 - https:\/\/yoast.com\/product\/yoast-seo-wordpress\/ -->\n<title>Mielle - Spray protecteur thermique et thermique \u00e0 l&#039;huile de Mongongo - 118 ml - NIRIGS<\/title>\n<meta name=\"robots\" content=\"index, follow, max-snippet:-1, max-image-preview:large, max-video-preview:-1\" \/>\n<link rel=\"canonical\" href=\"https:\/\/nirigs.com\/ar\/product\/mongongo-oil-thermal-and-heat-protector-spray-118-ml\/\" \/>\n<meta property=\"og:locale\" content=\"ar_AR\" \/>\n<meta property=\"og:type\" content=\"article\" \/>\n<meta property=\"og:title\" content=\"Mielle - Spray protecteur thermique et thermique \u00e0 l&#039;huile de Mongongo - 118 ml - NIRIGS\" \/>\n<meta property=\"og:description\" content=\"Prot\u00e9gez vos cheveux des effets n\u00e9fastes des outils de coiffage chauffants. La chaleur d\u00e9gag\u00e9e par les plaques de lissage, les\" \/>\n<meta property=\"og:url\" content=\"https:\/\/nirigs.com\/ar\/product\/mongongo-oil-thermal-and-heat-protector-spray-118-ml\/\" \/>\n<meta property=\"og:site_name\" content=\"NIRIGS\" \/>\n<meta property=\"article:modified_time\" content=\"2025-03-16T07:53:51+00:00\" \/>\n<meta property=\"og:image\" content=\"https:\/\/nirigs.com\/wp-content\/uploads\/2024\/01\/Mielle-\u2013-Spray-protecteur-thermique-et-thermique-a-lhuile-de-Mongongo-\u2013-118-ml.jpg\" \/>\n\t<meta property=\"og:image:width\" content=\"1000\" \/>\n\t<meta property=\"og:image:height\" content=\"1000\" \/>\n\t<meta property=\"og:image:type\" content=\"image\/jpeg\" \/>\n<meta name=\"twitter:card\" content=\"summary_large_image\" \/>\n<meta name=\"twitter:label1\" content=\"\u0648\u0642\u062a \u0627\u0644\u0642\u0631\u0627\u0621\u0629 \u0627\u0644\u0645\u064f\u0642\u062f\u0651\u0631\" \/>\n\t<meta name=\"twitter:data1\" content=\"\u062f\u0642\u064a\u0642\u0629 \u0648\u0627\u062d\u062f\u0629\" \/>\n<script type=\"application\/ld+json\" class=\"yoast-schema-graph\">{\"@context\":\"https:\\\/\\\/schema.org\",\"@graph\":[{\"@type\":\"WebPage\",\"@id\":\"https:\\\/\\\/nirigs.com\\\/product\\\/mongongo-oil-thermal-and-heat-protector-spray-118-ml\\\/\",\"url\":\"https:\\\/\\\/nirigs.com\\\/product\\\/mongongo-oil-thermal-and-heat-protector-spray-118-ml\\\/\",\"name\":\"Mielle - Spray protecteur thermique et thermique \u00e0 l'huile de Mongongo - 118 ml - NIRIGS\",\"isPartOf\":{\"@id\":\"https:\\\/\\\/nirigs.com\\\/#website\"},\"primaryImageOfPage\":{\"@id\":\"https:\\\/\\\/nirigs.com\\\/product\\\/mongongo-oil-thermal-and-heat-protector-spray-118-ml\\\/#primaryimage\"},\"image\":{\"@id\":\"https:\\\/\\\/nirigs.com\\\/product\\\/mongongo-oil-thermal-and-heat-protector-spray-118-ml\\\/#primaryimage\"},\"thumbnailUrl\":\"https:\\\/\\\/nirigs.com\\\/wp-content\\\/uploads\\\/2024\\\/01\\\/Mielle-\u2013-Spray-protecteur-thermique-et-thermique-a-lhuile-de-Mongongo-\u2013-118-ml.jpg\",\"datePublished\":\"2024-01-30T12:46:34+00:00\",\"dateModified\":\"2025-03-16T07:53:51+00:00\",\"breadcrumb\":{\"@id\":\"https:\\\/\\\/nirigs.com\\\/product\\\/mongongo-oil-thermal-and-heat-protector-spray-118-ml\\\/#breadcrumb\"},\"inLanguage\":\"ar\",\"potentialAction\":[{\"@type\":\"ReadAction\",\"target\":[\"https:\\\/\\\/nirigs.com\\\/product\\\/mongongo-oil-thermal-and-heat-protector-spray-118-ml\\\/\"]}]},{\"@type\":\"ImageObject\",\"inLanguage\":\"ar\",\"@id\":\"https:\\\/\\\/nirigs.com\\\/product\\\/mongongo-oil-thermal-and-heat-protector-spray-118-ml\\\/#primaryimage\",\"url\":\"https:\\\/\\\/nirigs.com\\\/wp-content\\\/uploads\\\/2024\\\/01\\\/Mielle-\u2013-Spray-protecteur-thermique-et-thermique-a-lhuile-de-Mongongo-\u2013-118-ml.jpg\",\"contentUrl\":\"https:\\\/\\\/nirigs.com\\\/wp-content\\\/uploads\\\/2024\\\/01\\\/Mielle-\u2013-Spray-protecteur-thermique-et-thermique-a-lhuile-de-Mongongo-\u2013-118-ml.jpg\",\"width\":1000,\"height\":1000},{\"@type\":\"BreadcrumbList\",\"@id\":\"https:\\\/\\\/nirigs.com\\\/product\\\/mongongo-oil-thermal-and-heat-protector-spray-118-ml\\\/#breadcrumb\",\"itemListElement\":[{\"@type\":\"ListItem\",\"position\":1,\"name\":\"Home\",\"item\":\"https:\\\/\\\/nirigs.com\\\/\"},{\"@type\":\"ListItem\",\"position\":2,\"name\":\"Parcourir\",\"item\":\"https:\\\/\\\/nirigs.com\\\/boutique\\\/\"},{\"@type\":\"ListItem\",\"position\":3,\"name\":\"Mielle &#8211; Spray protecteur thermique et thermique \u00e0 l&rsquo;huile de Mongongo &#8211; 118 ml\"}]},{\"@type\":\"WebSite\",\"@id\":\"https:\\\/\\\/nirigs.com\\\/#website\",\"url\":\"https:\\\/\\\/nirigs.com\\\/\",\"name\":\"Nirigs.com\",\"description\":\"Simplifiez vos achats du quotidien \u00e0 Djibouti\",\"publisher\":{\"@id\":\"https:\\\/\\\/nirigs.com\\\/#organization\"},\"potentialAction\":[{\"@type\":\"SearchAction\",\"target\":{\"@type\":\"EntryPoint\",\"urlTemplate\":\"https:\\\/\\\/nirigs.com\\\/?s={search_term_string}\"},\"query-input\":{\"@type\":\"PropertyValueSpecification\",\"valueRequired\":true,\"valueName\":\"search_term_string\"}}],\"inLanguage\":\"ar\"},{\"@type\":\"Organization\",\"@id\":\"https:\\\/\\\/nirigs.com\\\/#organization\",\"name\":\"Nirigs\",\"url\":\"https:\\\/\\\/nirigs.com\\\/\",\"logo\":{\"@type\":\"ImageObject\",\"inLanguage\":\"ar\",\"@id\":\"https:\\\/\\\/nirigs.com\\\/#\\\/schema\\\/logo\\\/image\\\/\",\"url\":\"https:\\\/\\\/nirigs.com\\\/wp-content\\\/uploads\\\/2025\\\/04\\\/Design-sans-titre-27.png\",\"contentUrl\":\"https:\\\/\\\/nirigs.com\\\/wp-content\\\/uploads\\\/2025\\\/04\\\/Design-sans-titre-27.png\",\"width\":500,\"height\":500,\"caption\":\"Nirigs\"},\"image\":{\"@id\":\"https:\\\/\\\/nirigs.com\\\/#\\\/schema\\\/logo\\\/image\\\/\"}}]}<\/script>\n<!-- \/ Yoast SEO plugin. -->","yoast_head_json":{"title":"Mielle - Spray protecteur thermique et thermique \u00e0 l'huile de Mongongo - 118 ml - NIRIGS","robots":{"index":"index","follow":"follow","max-snippet":"max-snippet:-1","max-image-preview":"max-image-preview:large","max-video-preview":"max-video-preview:-1"},"canonical":"https:\/\/nirigs.com\/ar\/product\/mongongo-oil-thermal-and-heat-protector-spray-118-ml\/","og_locale":"ar_AR","og_type":"article","og_title":"Mielle - Spray protecteur thermique et thermique \u00e0 l'huile de Mongongo - 118 ml - NIRIGS","og_description":"Prot\u00e9gez vos cheveux des effets n\u00e9fastes des outils de coiffage chauffants. La chaleur d\u00e9gag\u00e9e par les plaques de lissage, les","og_url":"https:\/\/nirigs.com\/ar\/product\/mongongo-oil-thermal-and-heat-protector-spray-118-ml\/","og_site_name":"NIRIGS","article_modified_time":"2025-03-16T07:53:51+00:00","og_image":[{"width":1000,"height":1000,"url":"https:\/\/nirigs.com\/wp-content\/uploads\/2024\/01\/Mielle-\u2013-Spray-protecteur-thermique-et-thermique-a-lhuile-de-Mongongo-\u2013-118-ml.jpg","type":"image\/jpeg"}],"twitter_card":"summary_large_image","twitter_misc":{"\u0648\u0642\u062a \u0627\u0644\u0642\u0631\u0627\u0621\u0629 \u0627\u0644\u0645\u064f\u0642\u062f\u0651\u0631":"\u062f\u0642\u064a\u0642\u0629 \u0648\u0627\u062d\u062f\u0629"},"schema":{"@context":"https:\/\/schema.org","@graph":[{"@type":"WebPage","@id":"https:\/\/nirigs.com\/product\/mongongo-oil-thermal-and-heat-protector-spray-118-ml\/","url":"https:\/\/nirigs.com\/product\/mongongo-oil-thermal-and-heat-protector-spray-118-ml\/","name":"Mielle - Spray protecteur thermique et thermique \u00e0 l'huile de Mongongo - 118 ml - NIRIGS","isPartOf":{"@id":"https:\/\/nirigs.com\/#website"},"primaryImageOfPage":{"@id":"https:\/\/nirigs.com\/product\/mongongo-oil-thermal-and-heat-protector-spray-118-ml\/#primaryimage"},"image":{"@id":"https:\/\/nirigs.com\/product\/mongongo-oil-thermal-and-heat-protector-spray-118-ml\/#primaryimage"},"thumbnailUrl":"https:\/\/nirigs.com\/wp-content\/uploads\/2024\/01\/Mielle-\u2013-Spray-protecteur-thermique-et-thermique-a-lhuile-de-Mongongo-\u2013-118-ml.jpg","datePublished":"2024-01-30T12:46:34+00:00","dateModified":"2025-03-16T07:53:51+00:00","breadcrumb":{"@id":"https:\/\/nirigs.com\/product\/mongongo-oil-thermal-and-heat-protector-spray-118-ml\/#breadcrumb"},"inLanguage":"ar","potentialAction":[{"@type":"ReadAction","target":["https:\/\/nirigs.com\/product\/mongongo-oil-thermal-and-heat-protector-spray-118-ml\/"]}]},{"@type":"ImageObject","inLanguage":"ar","@id":"https:\/\/nirigs.com\/product\/mongongo-oil-thermal-and-heat-protector-spray-118-ml\/#primaryimage","url":"https:\/\/nirigs.com\/wp-content\/uploads\/2024\/01\/Mielle-\u2013-Spray-protecteur-thermique-et-thermique-a-lhuile-de-Mongongo-\u2013-118-ml.jpg","contentUrl":"https:\/\/nirigs.com\/wp-content\/uploads\/2024\/01\/Mielle-\u2013-Spray-protecteur-thermique-et-thermique-a-lhuile-de-Mongongo-\u2013-118-ml.jpg","width":1000,"height":1000},{"@type":"BreadcrumbList","@id":"https:\/\/nirigs.com\/product\/mongongo-oil-thermal-and-heat-protector-spray-118-ml\/#breadcrumb","itemListElement":[{"@type":"ListItem","position":1,"name":"Home","item":"https:\/\/nirigs.com\/"},{"@type":"ListItem","position":2,"name":"Parcourir","item":"https:\/\/nirigs.com\/boutique\/"},{"@type":"ListItem","position":3,"name":"Mielle &#8211; Spray protecteur thermique et thermique \u00e0 l&rsquo;huile de Mongongo &#8211; 118 ml"}]},{"@type":"WebSite","@id":"https:\/\/nirigs.com\/#website","url":"https:\/\/nirigs.com\/","name":"Nirigs.com","description":"Simplifiez vos achats du quotidien \u00e0 Djibouti","publisher":{"@id":"https:\/\/nirigs.com\/#organization"},"potentialAction":[{"@type":"SearchAction","target":{"@type":"EntryPoint","urlTemplate":"https:\/\/nirigs.com\/?s={search_term_string}"},"query-input":{"@type":"PropertyValueSpecification","valueRequired":true,"valueName":"search_term_string"}}],"inLanguage":"ar"},{"@type":"Organization","@id":"https:\/\/nirigs.com\/#organization","name":"\u0646\u064a\u0631\u064a\u062c\u0633","url":"https:\/\/nirigs.com\/","logo":{"@type":"ImageObject","inLanguage":"ar","@id":"https:\/\/nirigs.com\/#\/schema\/logo\/image\/","url":"https:\/\/nirigs.com\/wp-content\/uploads\/2025\/04\/Design-sans-titre-27.png","contentUrl":"https:\/\/nirigs.com\/wp-content\/uploads\/2025\/04\/Design-sans-titre-27.png","width":500,"height":500,"caption":"Nirigs"},"image":{"@id":"https:\/\/nirigs.com\/#\/schema\/logo\/image\/"}}]}},"brands":[{"id":757,"name":"\u0645\u0639\u0633\u0644","slug":"mielle"}],"_links":{"self":[{"href":"https:\/\/nirigs.com\/ar\/wp-json\/wp\/v2\/product\/17031","targetHints":{"allow":["GET"]}}],"collection":[{"href":"https:\/\/nirigs.com\/ar\/wp-json\/wp\/v2\/product"}],"about":[{"href":"https:\/\/nirigs.com\/ar\/wp-json\/wp\/v2\/types\/product"}],"replies":[{"embeddable":true,"href":"https:\/\/nirigs.com\/ar\/wp-json\/wp\/v2\/comments?post=17031"}],"version-history":[{"count":9,"href":"https:\/\/nirigs.com\/ar\/wp-json\/wp\/v2\/product\/17031\/revisions"}],"predecessor-version":[{"id":24672,"href":"https:\/\/nirigs.com\/ar\/wp-json\/wp\/v2\/product\/17031\/revisions\/24672"}],"wp:featuredmedia":[{"embeddable":true,"href":"https:\/\/nirigs.com\/ar\/wp-json\/wp\/v2\/media\/24678"}],"wp:attachment":[{"href":"https:\/\/nirigs.com\/ar\/wp-json\/wp\/v2\/media?parent=17031"}],"wp:term":[{"taxonomy":"pwb-brand","embeddable":true,"href":"https:\/\/nirigs.com\/ar\/wp-json\/wp\/v2\/pwb-brand?post=17031"},{"taxonomy":"product_brand","embeddable":true,"href":"https:\/\/nirigs.com\/ar\/wp-json\/wp\/v2\/product_brand?post=17031"},{"taxonomy":"product_cat","embeddable":true,"href":"https:\/\/nirigs.com\/ar\/wp-json\/wp\/v2\/product_cat?post=17031"},{"taxonomy":"product_tag","embeddable":true,"href":"https:\/\/nirigs.com\/ar\/wp-json\/wp\/v2\/product_tag?post=17031"}],"curies":[{"name":"wp","href":"https:\/\/api.w.org\/{rel}","templated":true}]}}