{"id":17029,"date":"2024-01-30T15:54:22","date_gmt":"2024-01-30T12:54:22","guid":{"rendered":"https:\/\/nirigs.com\/?post_type=product&#038;p=17029"},"modified":"2025-03-16T10:52:53","modified_gmt":"2025-03-16T07:52:53","slug":"moisture-rich-sulfate-free-shampoo-moisturizing-shampoo-400-ml","status":"publish","type":"product","link":"https:\/\/nirigs.com\/ar\/product\/moisture-rich-sulfate-free-shampoo-moisturizing-shampoo-400-ml\/","title":{"rendered":"\u062a\u064a \u062c\u064a\u0646 \u2013 \u0634\u0627\u0645\u0628\u0648 \u063a\u0646\u064a \u0628\u0627\u0644\u0631\u0637\u0648\u0628\u0629 \u062e\u0627\u0644\u064a \u0645\u0646 \u0627\u0644\u0643\u0628\u0631\u064a\u062a\u0627\u062a (\u0634\u0627\u0645\u0628\u0648 \u0645\u0631\u0637\u0628) \u2013 400 \u0645\u0644"},"content":{"rendered":"<div>Ce Shampoing sans sulfate hydratant nettoie en douceur et efficacement vos cheveux.\u00a0 Sans agent d\u00e9capant, tgin Moisture Rich Shampoo formule unique est enrichi en huile de noix de Coco pour hydrater les cheveux secs et fatigu\u00e9s et en huile d&rsquo;Amla pour r\u00e9duire la casse et augmenter la r\u00e9tention d&rsquo;humidit\u00e9.\u00a0 Ce shampoing sans sulfate hydratant lisse la surface des cuticules, laisse vos cheveux doux et brillants.<br \/>\nSans paraben, sulfates, vaseline, lanoline, colorants artificiels et non test\u00e9 sur les animaux.<\/div>\n<h4>\u064a\u0633\u062a\u062e\u062f\u0645<\/h4>\n<div>\n<ul>\n<li>Mouillez soigneusement les cheveux.<\/li>\n<li>Appliquez une quantit\u00e9 g\u00e9n\u00e9reuse de tgin Moisture Rich Shampoo sur vos paumes.<\/li>\n<li>R\u00e9partissez uniform\u00e9ment sur les cheveux et le cuir chevelu, massez en douceur.<\/li>\n<li>Rincez abondamment.<\/li>\n<li>Appliquez une seconde fois si n\u00e9cessaire pour \u00e9liminer les accumulations excessives.<\/li>\n<li>Encha\u00eenez avec tgin Triple Moisture Replenishing ou pour un revitalisant extra profond, avec le masque capillaire Tgin Honey Miracle.<\/li>\n<\/ul>\n<\/div>\n<h4>\u0645\u0643\u0648\u0646\u0627\u062a<\/h4>\n<div>Aqua (Purified Water) Infused With Phyllanthus Emblica Fruit (Amla) Extract, Vaccinium Myrtillus (Bilberry) Extract, Saccharum Officinarum (Sugar Cane) Extract, Acer Saccharum (Sugar Maple) Extract, Citrus Aurantium Dulcis (Orange) Fruit Extract, And Citrus Medica Limonum (Lemon) Fruit, Disodium Cocoamphodipropionate, Sodium C14-16 Olefin Sulfonate, Polysorbate 20, Cocamidopropyl Betaine (Derived From Coconut), Sodium Cocoyl Isethionate, Decyl Glucoside, Polyquaternium-10, Citric Acid, Phenoxyethanol, Fragrance, Caprylyl Glycol, Edta Disodium, Panethnol (Pro Vitamin B5), Tocopheryl Acetate (Vitamin E).<\/div>","protected":false},"excerpt":{"rendered":"<p>Ce Shampoing sans sulfate hydratant nettoie en douceur et efficacement vos cheveux.\u00a0 Sans agent d\u00e9capant, tgin Moisture Rich Shampoo formule<\/p>","protected":false},"featured_media":24667,"comment_status":"open","ping_status":"closed","template":"","meta":[],"pwb-brand":[771],"product_brand":[],"product_cat":[267,1022,1026,1024],"product_tag":[],"class_list":{"0":"post-17029","1":"product","2":"type-product","3":"status-publish","4":"has-post-thumbnail","6":"pwb-brand-tgin","7":"product_cat-beaute-et-soins","8":"product_cat-coiffures-et-soins-des-cheveux","9":"product_cat-shampooings","10":"product_cat-soins-des-cheveux","12":"first","13":"instock","14":"shipping-taxable","15":"purchasable","16":"product-type-simple"},"yoast_head":"<!-- This site is optimized with the Yoast SEO plugin v27.1.1 - https:\/\/yoast.com\/product\/yoast-seo-wordpress\/ -->\n<title>TGIN - Shampoing riche en humidit\u00e9 sans sulfate (Shampooing hydratant) - 400 ml - NIRIGS<\/title>\n<meta name=\"robots\" content=\"index, follow, max-snippet:-1, max-image-preview:large, max-video-preview:-1\" \/>\n<link rel=\"canonical\" href=\"https:\/\/nirigs.com\/ar\/product\/moisture-rich-sulfate-free-shampoo-moisturizing-shampoo-400-ml\/\" \/>\n<meta property=\"og:locale\" content=\"ar_AR\" \/>\n<meta property=\"og:type\" content=\"article\" \/>\n<meta property=\"og:title\" content=\"TGIN - Shampoing riche en humidit\u00e9 sans sulfate (Shampooing hydratant) - 400 ml - NIRIGS\" \/>\n<meta property=\"og:description\" content=\"Ce Shampoing sans sulfate hydratant nettoie en douceur et efficacement vos cheveux.\u00a0 Sans agent d\u00e9capant, tgin Moisture Rich Shampoo formule\" \/>\n<meta property=\"og:url\" content=\"https:\/\/nirigs.com\/ar\/product\/moisture-rich-sulfate-free-shampoo-moisturizing-shampoo-400-ml\/\" \/>\n<meta property=\"og:site_name\" content=\"NIRIGS\" \/>\n<meta property=\"article:modified_time\" content=\"2025-03-16T07:52:53+00:00\" \/>\n<meta property=\"og:image\" content=\"https:\/\/nirigs.com\/wp-content\/uploads\/2024\/01\/TGIN-\u2013-Shampoing-riche-en-humidite-sans-sulfate-Shampooing-hydratant-\u2013-400-ml.jpg\" \/>\n\t<meta property=\"og:image:width\" content=\"1000\" \/>\n\t<meta property=\"og:image:height\" content=\"1000\" \/>\n\t<meta property=\"og:image:type\" content=\"image\/jpeg\" \/>\n<meta name=\"twitter:card\" content=\"summary_large_image\" \/>\n<meta name=\"twitter:label1\" content=\"\u0648\u0642\u062a \u0627\u0644\u0642\u0631\u0627\u0621\u0629 \u0627\u0644\u0645\u064f\u0642\u062f\u0651\u0631\" \/>\n\t<meta name=\"twitter:data1\" content=\"\u062f\u0642\u064a\u0642\u0629 \u0648\u0627\u062d\u062f\u0629\" \/>\n<script type=\"application\/ld+json\" class=\"yoast-schema-graph\">{\"@context\":\"https:\/\/schema.org\",\"@graph\":[{\"@type\":\"WebPage\",\"@id\":\"https:\/\/nirigs.com\/product\/moisture-rich-sulfate-free-shampoo-moisturizing-shampoo-400-ml\/\",\"url\":\"https:\/\/nirigs.com\/product\/moisture-rich-sulfate-free-shampoo-moisturizing-shampoo-400-ml\/\",\"name\":\"TGIN - Shampoing riche en humidit\u00e9 sans sulfate (Shampooing hydratant) - 400 ml - NIRIGS\",\"isPartOf\":{\"@id\":\"https:\/\/nirigs.com\/#website\"},\"primaryImageOfPage\":{\"@id\":\"https:\/\/nirigs.com\/product\/moisture-rich-sulfate-free-shampoo-moisturizing-shampoo-400-ml\/#primaryimage\"},\"image\":{\"@id\":\"https:\/\/nirigs.com\/product\/moisture-rich-sulfate-free-shampoo-moisturizing-shampoo-400-ml\/#primaryimage\"},\"thumbnailUrl\":\"https:\/\/nirigs.com\/wp-content\/uploads\/2024\/01\/TGIN-\u2013-Shampoing-riche-en-humidite-sans-sulfate-Shampooing-hydratant-\u2013-400-ml.jpg\",\"datePublished\":\"2024-01-30T12:54:22+00:00\",\"dateModified\":\"2025-03-16T07:52:53+00:00\",\"breadcrumb\":{\"@id\":\"https:\/\/nirigs.com\/product\/moisture-rich-sulfate-free-shampoo-moisturizing-shampoo-400-ml\/#breadcrumb\"},\"inLanguage\":\"ar\",\"potentialAction\":[{\"@type\":\"ReadAction\",\"target\":[\"https:\/\/nirigs.com\/product\/moisture-rich-sulfate-free-shampoo-moisturizing-shampoo-400-ml\/\"]}]},{\"@type\":\"ImageObject\",\"inLanguage\":\"ar\",\"@id\":\"https:\/\/nirigs.com\/product\/moisture-rich-sulfate-free-shampoo-moisturizing-shampoo-400-ml\/#primaryimage\",\"url\":\"https:\/\/nirigs.com\/wp-content\/uploads\/2024\/01\/TGIN-\u2013-Shampoing-riche-en-humidite-sans-sulfate-Shampooing-hydratant-\u2013-400-ml.jpg\",\"contentUrl\":\"https:\/\/nirigs.com\/wp-content\/uploads\/2024\/01\/TGIN-\u2013-Shampoing-riche-en-humidite-sans-sulfate-Shampooing-hydratant-\u2013-400-ml.jpg\",\"width\":1000,\"height\":1000},{\"@type\":\"BreadcrumbList\",\"@id\":\"https:\/\/nirigs.com\/product\/moisture-rich-sulfate-free-shampoo-moisturizing-shampoo-400-ml\/#breadcrumb\",\"itemListElement\":[{\"@type\":\"ListItem\",\"position\":1,\"name\":\"Home\",\"item\":\"https:\/\/nirigs.com\/\"},{\"@type\":\"ListItem\",\"position\":2,\"name\":\"Parcourir\",\"item\":\"https:\/\/nirigs.com\/boutique\/\"},{\"@type\":\"ListItem\",\"position\":3,\"name\":\"TGIN &#8211; Shampoing riche en humidit\u00e9 sans sulfate (Shampooing hydratant) &#8211; 400 ml\"}]},{\"@type\":\"WebSite\",\"@id\":\"https:\/\/nirigs.com\/#website\",\"url\":\"https:\/\/nirigs.com\/\",\"name\":\"Nirigs.com\",\"description\":\"Simplifiez vos achats du quotidien \u00e0 Djibouti\",\"publisher\":{\"@id\":\"https:\/\/nirigs.com\/#organization\"},\"potentialAction\":[{\"@type\":\"SearchAction\",\"target\":{\"@type\":\"EntryPoint\",\"urlTemplate\":\"https:\/\/nirigs.com\/?s={search_term_string}\"},\"query-input\":{\"@type\":\"PropertyValueSpecification\",\"valueRequired\":true,\"valueName\":\"search_term_string\"}}],\"inLanguage\":\"ar\"},{\"@type\":\"Organization\",\"@id\":\"https:\/\/nirigs.com\/#organization\",\"name\":\"Nirigs\",\"url\":\"https:\/\/nirigs.com\/\",\"logo\":{\"@type\":\"ImageObject\",\"inLanguage\":\"ar\",\"@id\":\"https:\/\/nirigs.com\/#\/schema\/logo\/image\/\",\"url\":\"https:\/\/nirigs.com\/wp-content\/uploads\/2025\/04\/Design-sans-titre-27.png\",\"contentUrl\":\"https:\/\/nirigs.com\/wp-content\/uploads\/2025\/04\/Design-sans-titre-27.png\",\"width\":500,\"height\":500,\"caption\":\"Nirigs\"},\"image\":{\"@id\":\"https:\/\/nirigs.com\/#\/schema\/logo\/image\/\"}}]}<\/script>\n<!-- \/ Yoast SEO plugin. -->","yoast_head_json":{"title":"TGIN - Shampoing riche en humidit\u00e9 sans sulfate (Shampooing hydratant) - 400 ml - NIRIGS","robots":{"index":"index","follow":"follow","max-snippet":"max-snippet:-1","max-image-preview":"max-image-preview:large","max-video-preview":"max-video-preview:-1"},"canonical":"https:\/\/nirigs.com\/ar\/product\/moisture-rich-sulfate-free-shampoo-moisturizing-shampoo-400-ml\/","og_locale":"ar_AR","og_type":"article","og_title":"TGIN - Shampoing riche en humidit\u00e9 sans sulfate (Shampooing hydratant) - 400 ml - NIRIGS","og_description":"Ce Shampoing sans sulfate hydratant nettoie en douceur et efficacement vos cheveux.\u00a0 Sans agent d\u00e9capant, tgin Moisture Rich Shampoo formule","og_url":"https:\/\/nirigs.com\/ar\/product\/moisture-rich-sulfate-free-shampoo-moisturizing-shampoo-400-ml\/","og_site_name":"NIRIGS","article_modified_time":"2025-03-16T07:52:53+00:00","og_image":[{"width":1000,"height":1000,"url":"https:\/\/nirigs.com\/wp-content\/uploads\/2024\/01\/TGIN-\u2013-Shampoing-riche-en-humidite-sans-sulfate-Shampooing-hydratant-\u2013-400-ml.jpg","type":"image\/jpeg"}],"twitter_card":"summary_large_image","twitter_misc":{"\u0648\u0642\u062a \u0627\u0644\u0642\u0631\u0627\u0621\u0629 \u0627\u0644\u0645\u064f\u0642\u062f\u0651\u0631":"\u062f\u0642\u064a\u0642\u0629 \u0648\u0627\u062d\u062f\u0629"},"schema":{"@context":"https:\/\/schema.org","@graph":[{"@type":"WebPage","@id":"https:\/\/nirigs.com\/product\/moisture-rich-sulfate-free-shampoo-moisturizing-shampoo-400-ml\/","url":"https:\/\/nirigs.com\/product\/moisture-rich-sulfate-free-shampoo-moisturizing-shampoo-400-ml\/","name":"TGIN - Shampoing riche en humidit\u00e9 sans sulfate (Shampooing hydratant) - 400 ml - NIRIGS","isPartOf":{"@id":"https:\/\/nirigs.com\/#website"},"primaryImageOfPage":{"@id":"https:\/\/nirigs.com\/product\/moisture-rich-sulfate-free-shampoo-moisturizing-shampoo-400-ml\/#primaryimage"},"image":{"@id":"https:\/\/nirigs.com\/product\/moisture-rich-sulfate-free-shampoo-moisturizing-shampoo-400-ml\/#primaryimage"},"thumbnailUrl":"https:\/\/nirigs.com\/wp-content\/uploads\/2024\/01\/TGIN-\u2013-Shampoing-riche-en-humidite-sans-sulfate-Shampooing-hydratant-\u2013-400-ml.jpg","datePublished":"2024-01-30T12:54:22+00:00","dateModified":"2025-03-16T07:52:53+00:00","breadcrumb":{"@id":"https:\/\/nirigs.com\/product\/moisture-rich-sulfate-free-shampoo-moisturizing-shampoo-400-ml\/#breadcrumb"},"inLanguage":"ar","potentialAction":[{"@type":"ReadAction","target":["https:\/\/nirigs.com\/product\/moisture-rich-sulfate-free-shampoo-moisturizing-shampoo-400-ml\/"]}]},{"@type":"ImageObject","inLanguage":"ar","@id":"https:\/\/nirigs.com\/product\/moisture-rich-sulfate-free-shampoo-moisturizing-shampoo-400-ml\/#primaryimage","url":"https:\/\/nirigs.com\/wp-content\/uploads\/2024\/01\/TGIN-\u2013-Shampoing-riche-en-humidite-sans-sulfate-Shampooing-hydratant-\u2013-400-ml.jpg","contentUrl":"https:\/\/nirigs.com\/wp-content\/uploads\/2024\/01\/TGIN-\u2013-Shampoing-riche-en-humidite-sans-sulfate-Shampooing-hydratant-\u2013-400-ml.jpg","width":1000,"height":1000},{"@type":"BreadcrumbList","@id":"https:\/\/nirigs.com\/product\/moisture-rich-sulfate-free-shampoo-moisturizing-shampoo-400-ml\/#breadcrumb","itemListElement":[{"@type":"ListItem","position":1,"name":"Home","item":"https:\/\/nirigs.com\/"},{"@type":"ListItem","position":2,"name":"Parcourir","item":"https:\/\/nirigs.com\/boutique\/"},{"@type":"ListItem","position":3,"name":"TGIN &#8211; Shampoing riche en humidit\u00e9 sans sulfate (Shampooing hydratant) &#8211; 400 ml"}]},{"@type":"WebSite","@id":"https:\/\/nirigs.com\/#website","url":"https:\/\/nirigs.com\/","name":"Nirigs.com","description":"Simplifiez vos achats du quotidien \u00e0 Djibouti","publisher":{"@id":"https:\/\/nirigs.com\/#organization"},"potentialAction":[{"@type":"SearchAction","target":{"@type":"EntryPoint","urlTemplate":"https:\/\/nirigs.com\/?s={search_term_string}"},"query-input":{"@type":"PropertyValueSpecification","valueRequired":true,"valueName":"search_term_string"}}],"inLanguage":"ar"},{"@type":"Organization","@id":"https:\/\/nirigs.com\/#organization","name":"\u0646\u064a\u0631\u064a\u062c\u0633","url":"https:\/\/nirigs.com\/","logo":{"@type":"ImageObject","inLanguage":"ar","@id":"https:\/\/nirigs.com\/#\/schema\/logo\/image\/","url":"https:\/\/nirigs.com\/wp-content\/uploads\/2025\/04\/Design-sans-titre-27.png","contentUrl":"https:\/\/nirigs.com\/wp-content\/uploads\/2025\/04\/Design-sans-titre-27.png","width":500,"height":500,"caption":"Nirigs"},"image":{"@id":"https:\/\/nirigs.com\/#\/schema\/logo\/image\/"}}]}},"brands":[{"id":771,"name":"\u062a\u062c\u064a\u0646","slug":"tgin"}],"_links":{"self":[{"href":"https:\/\/nirigs.com\/ar\/wp-json\/wp\/v2\/product\/17029","targetHints":{"allow":["GET"]}}],"collection":[{"href":"https:\/\/nirigs.com\/ar\/wp-json\/wp\/v2\/product"}],"about":[{"href":"https:\/\/nirigs.com\/ar\/wp-json\/wp\/v2\/types\/product"}],"replies":[{"embeddable":true,"href":"https:\/\/nirigs.com\/ar\/wp-json\/wp\/v2\/comments?post=17029"}],"version-history":[{"count":5,"href":"https:\/\/nirigs.com\/ar\/wp-json\/wp\/v2\/product\/17029\/revisions"}],"predecessor-version":[{"id":24663,"href":"https:\/\/nirigs.com\/ar\/wp-json\/wp\/v2\/product\/17029\/revisions\/24663"}],"wp:featuredmedia":[{"embeddable":true,"href":"https:\/\/nirigs.com\/ar\/wp-json\/wp\/v2\/media\/24667"}],"wp:attachment":[{"href":"https:\/\/nirigs.com\/ar\/wp-json\/wp\/v2\/media?parent=17029"}],"wp:term":[{"taxonomy":"pwb-brand","embeddable":true,"href":"https:\/\/nirigs.com\/ar\/wp-json\/wp\/v2\/pwb-brand?post=17029"},{"taxonomy":"product_brand","embeddable":true,"href":"https:\/\/nirigs.com\/ar\/wp-json\/wp\/v2\/product_brand?post=17029"},{"taxonomy":"product_cat","embeddable":true,"href":"https:\/\/nirigs.com\/ar\/wp-json\/wp\/v2\/product_cat?post=17029"},{"taxonomy":"product_tag","embeddable":true,"href":"https:\/\/nirigs.com\/ar\/wp-json\/wp\/v2\/product_tag?post=17029"}],"curies":[{"name":"wp","href":"https:\/\/api.w.org\/{rel}","templated":true}]}}