{"id":16883,"date":"2023-12-03T02:10:33","date_gmt":"2023-12-02T23:10:33","guid":{"rendered":"https:\/\/nirigs.com\/product\/cantu-shea-butter-coconut-curl-cream-709-gr\/"},"modified":"2026-02-24T21:15:05","modified_gmt":"2026-02-24T18:15:05","slug":"cantu-shea-butter-coconut-curl-cream-709-gr","status":"publish","type":"product","link":"https:\/\/nirigs.com\/ar\/product\/cantu-shea-butter-coconut-curl-cream-709-gr\/","title":{"rendered":"\u0643\u0627\u0646\u062a\u0648 \u0632\u0628\u062f\u0629 \u0627\u0644\u0634\u064a\u0627 \u2013 \u0643\u0631\u064a\u0645 \u062a\u062c\u0639\u064a\u062f \u062c\u0648\u0632 \u0627\u0644\u0647\u0646\u062f \u2013 709 \u062c\u0631\u0627\u0645"},"content":{"rendered":"<p>Cantu Cr\u00e8me boucl\u00e9e au beurre de karit\u00e9 pour cheveux naturels poss\u00e8de plusieurs avantages:<\/p>\n<ul class=\"a-unordered-list a-vertical a-spacing-mini\">\n<li class=\"a-spacing-mini\"><span class=\"a-list-item\">Pour cheveux naturels<\/span><\/li>\n<li class=\"a-spacing-mini\"><span class=\"a-list-item\">Aide \u00e0 gu\u00e9rir les cheveux secs et ab\u00eem\u00e9s<\/span><\/li>\n<li class=\"a-spacing-mini\"><span class=\"a-list-item\">Restaure une beaut\u00e9 authentique et authentique<\/span><\/li>\n<li class=\"a-spacing-mini\"><span class=\"a-list-item\">Embrassez vos boucles, cheveux emm\u00eal\u00e9s ou ondul\u00e9s<\/span><\/li>\n<li class=\"a-spacing-mini\"><span class=\"a-list-item\">Ce produit fini n&rsquo;est pas test\u00e9 sur les animaux. L&#8217;emballage peut varier, la formulation reste inchang\u00e9e.<\/span><\/li>\n<\/ul>\n<h4>\u064a\u0633\u062a\u062e\u062f\u0645<\/h4>\n<ul>\n<li>Lisser sur cheveux humides, section par section, en commen\u00e7ant par la racine et en continuant vers les pointes.<\/li>\n<li>Ne pas rincer.<\/li>\n<\/ul>\n<h4>\u0645\u0643\u0648\u0646\u0627\u062a<\/h4>\n<p>Aqua (eau), Canola Oil, Glycerin, Cetearyl Alcohol, Ceteareth-20, Parfum (Fragrance), Butyrospermum Parkii (Shea) Butter, Petrolatum, Glycol Stearate, Ceteth-20, Polyquaternium-10, PEG-75 Lanolin, Phenoxyethanol, Ethylhexylglycerin, Argania Spinose. A (Argania Spinosa) gan), huile de noyau, huile de noix de coco Nucifera (noix de coco), huile de graines de Daucus Carota Sativa (carotte), glycine de soja (soja), huile de macadamia ternifolia (macadamia), huile de graines de Mangifera Indica (Mango), beurre de graines Melia Azadirachta (Neem), Olea. Europaea (olive). ) Huile de fruits, huile de Persea Gratissima (avocat), huile de Prunus Amygdalus Dulcis (amande douce), huile de graines de Simmondsia Chinensis (jojoba), Vitis Vinifera (raisins), huile de graines, Aloe Barbadensis (Aloe Vera), soie hydrolys\u00e9e, Lonicera Caprifolium (ch\u00e8vrefeuille). Extrait de fleur de Mac. rocystis Pyrocystis rifera p) extrait, extrait de feuille de Salvia Officinalis (Sage) Leaf Extract, Silk Amino Acids, Urtica Dioica (Nettle) Extract, Vitis Vinifera (Raisin), Seed Extract, Benzyl Salicylate, Benzyl Benzoate, Coumarin, Hexyl Cinnamal.<\/p>","protected":false},"excerpt":{"rendered":"<p><b>Pour boucles naturelles, bobines et vagues<\/b><\/p>","protected":false},"featured_media":24846,"comment_status":"open","ping_status":"closed","template":"","meta":[],"pwb-brand":[758],"product_brand":[],"product_cat":[267,1022,1072,1071],"product_tag":[],"class_list":{"0":"post-16883","1":"product","2":"type-product","3":"status-publish","4":"has-post-thumbnail","6":"pwb-brand-cantu","7":"product_cat-beaute-et-soins","8":"product_cat-coiffures-et-soins-des-cheveux","9":"product_cat-cremes-et-lotions-capillaires-coiffantes","10":"product_cat-produits-coiffants","12":"first","13":"outofstock","14":"shipping-taxable","15":"purchasable","16":"product-type-simple"},"yoast_head":"<!-- This site is optimized with the Yoast SEO plugin v27.4 - https:\/\/yoast.com\/product\/yoast-seo-wordpress\/ -->\n<title>Cantu Shea Butter - Cr\u00e8me boucles \u00e0 la noix de coco - 709 g - NIRIGS<\/title>\n<meta name=\"robots\" content=\"index, follow, max-snippet:-1, max-image-preview:large, max-video-preview:-1\" \/>\n<link rel=\"canonical\" href=\"https:\/\/nirigs.com\/ar\/product\/cantu-shea-butter-coconut-curl-cream-709-gr\/\" \/>\n<meta property=\"og:locale\" content=\"ar_AR\" \/>\n<meta property=\"og:type\" content=\"article\" \/>\n<meta property=\"og:title\" content=\"Cantu Shea Butter - Cr\u00e8me boucles \u00e0 la noix de coco - 709 g - NIRIGS\" \/>\n<meta property=\"og:description\" content=\"Pour boucles naturelles, bobines et vagues\" \/>\n<meta property=\"og:url\" content=\"https:\/\/nirigs.com\/ar\/product\/cantu-shea-butter-coconut-curl-cream-709-gr\/\" \/>\n<meta property=\"og:site_name\" content=\"NIRIGS\" \/>\n<meta property=\"article:modified_time\" content=\"2026-02-24T18:15:05+00:00\" \/>\n<meta property=\"og:image\" content=\"https:\/\/nirigs.com\/wp-content\/uploads\/2023\/12\/Cantu-Shea-Butter-\u2013-Creme-boucles-a-la-noix-de-coco-\u2013-709-g-4.jpg\" \/>\n\t<meta property=\"og:image:width\" content=\"1000\" \/>\n\t<meta property=\"og:image:height\" content=\"1000\" \/>\n\t<meta property=\"og:image:type\" content=\"image\/jpeg\" \/>\n<meta name=\"twitter:card\" content=\"summary_large_image\" \/>\n<meta name=\"twitter:label1\" content=\"\u0648\u0642\u062a \u0627\u0644\u0642\u0631\u0627\u0621\u0629 \u0627\u0644\u0645\u064f\u0642\u062f\u0651\u0631\" \/>\n\t<meta name=\"twitter:data1\" content=\"\u062f\u0642\u064a\u0642\u062a\u0627\u0646\" \/>\n<script type=\"application\/ld+json\" class=\"yoast-schema-graph\">{\"@context\":\"https:\\\/\\\/schema.org\",\"@graph\":[{\"@type\":\"WebPage\",\"@id\":\"https:\\\/\\\/nirigs.com\\\/product\\\/cantu-shea-butter-coconut-curl-cream-709-gr\\\/\",\"url\":\"https:\\\/\\\/nirigs.com\\\/product\\\/cantu-shea-butter-coconut-curl-cream-709-gr\\\/\",\"name\":\"Cantu Shea Butter - Cr\u00e8me boucles \u00e0 la noix de coco - 709 g - NIRIGS\",\"isPartOf\":{\"@id\":\"https:\\\/\\\/nirigs.com\\\/#website\"},\"primaryImageOfPage\":{\"@id\":\"https:\\\/\\\/nirigs.com\\\/product\\\/cantu-shea-butter-coconut-curl-cream-709-gr\\\/#primaryimage\"},\"image\":{\"@id\":\"https:\\\/\\\/nirigs.com\\\/product\\\/cantu-shea-butter-coconut-curl-cream-709-gr\\\/#primaryimage\"},\"thumbnailUrl\":\"https:\\\/\\\/nirigs.com\\\/wp-content\\\/uploads\\\/2023\\\/12\\\/Cantu-Shea-Butter-\u2013-Creme-boucles-a-la-noix-de-coco-\u2013-709-g-4.jpg\",\"datePublished\":\"2023-12-02T23:10:33+00:00\",\"dateModified\":\"2026-02-24T18:15:05+00:00\",\"breadcrumb\":{\"@id\":\"https:\\\/\\\/nirigs.com\\\/product\\\/cantu-shea-butter-coconut-curl-cream-709-gr\\\/#breadcrumb\"},\"inLanguage\":\"ar\",\"potentialAction\":[{\"@type\":\"ReadAction\",\"target\":[\"https:\\\/\\\/nirigs.com\\\/product\\\/cantu-shea-butter-coconut-curl-cream-709-gr\\\/\"]}]},{\"@type\":\"ImageObject\",\"inLanguage\":\"ar\",\"@id\":\"https:\\\/\\\/nirigs.com\\\/product\\\/cantu-shea-butter-coconut-curl-cream-709-gr\\\/#primaryimage\",\"url\":\"https:\\\/\\\/nirigs.com\\\/wp-content\\\/uploads\\\/2023\\\/12\\\/Cantu-Shea-Butter-\u2013-Creme-boucles-a-la-noix-de-coco-\u2013-709-g-4.jpg\",\"contentUrl\":\"https:\\\/\\\/nirigs.com\\\/wp-content\\\/uploads\\\/2023\\\/12\\\/Cantu-Shea-Butter-\u2013-Creme-boucles-a-la-noix-de-coco-\u2013-709-g-4.jpg\",\"width\":1000,\"height\":1000},{\"@type\":\"BreadcrumbList\",\"@id\":\"https:\\\/\\\/nirigs.com\\\/product\\\/cantu-shea-butter-coconut-curl-cream-709-gr\\\/#breadcrumb\",\"itemListElement\":[{\"@type\":\"ListItem\",\"position\":1,\"name\":\"Home\",\"item\":\"https:\\\/\\\/nirigs.com\\\/\"},{\"@type\":\"ListItem\",\"position\":2,\"name\":\"Parcourir\",\"item\":\"https:\\\/\\\/nirigs.com\\\/boutique\\\/\"},{\"@type\":\"ListItem\",\"position\":3,\"name\":\"Cantu Shea Butter &#8211; Cr\u00e8me boucles \u00e0 la noix de coco &#8211; 709 g\"}]},{\"@type\":\"WebSite\",\"@id\":\"https:\\\/\\\/nirigs.com\\\/#website\",\"url\":\"https:\\\/\\\/nirigs.com\\\/\",\"name\":\"Nirigs.com\",\"description\":\"Simplifiez vos achats du quotidien \u00e0 Djibouti\",\"publisher\":{\"@id\":\"https:\\\/\\\/nirigs.com\\\/#organization\"},\"potentialAction\":[{\"@type\":\"SearchAction\",\"target\":{\"@type\":\"EntryPoint\",\"urlTemplate\":\"https:\\\/\\\/nirigs.com\\\/?s={search_term_string}\"},\"query-input\":{\"@type\":\"PropertyValueSpecification\",\"valueRequired\":true,\"valueName\":\"search_term_string\"}}],\"inLanguage\":\"ar\"},{\"@type\":\"Organization\",\"@id\":\"https:\\\/\\\/nirigs.com\\\/#organization\",\"name\":\"Nirigs\",\"url\":\"https:\\\/\\\/nirigs.com\\\/\",\"logo\":{\"@type\":\"ImageObject\",\"inLanguage\":\"ar\",\"@id\":\"https:\\\/\\\/nirigs.com\\\/#\\\/schema\\\/logo\\\/image\\\/\",\"url\":\"https:\\\/\\\/nirigs.com\\\/wp-content\\\/uploads\\\/2025\\\/04\\\/Design-sans-titre-27.png\",\"contentUrl\":\"https:\\\/\\\/nirigs.com\\\/wp-content\\\/uploads\\\/2025\\\/04\\\/Design-sans-titre-27.png\",\"width\":500,\"height\":500,\"caption\":\"Nirigs\"},\"image\":{\"@id\":\"https:\\\/\\\/nirigs.com\\\/#\\\/schema\\\/logo\\\/image\\\/\"}}]}<\/script>\n<!-- \/ Yoast SEO plugin. -->","yoast_head_json":{"title":"Cantu Shea Butter - Cr\u00e8me boucles \u00e0 la noix de coco - 709 g - NIRIGS","robots":{"index":"index","follow":"follow","max-snippet":"max-snippet:-1","max-image-preview":"max-image-preview:large","max-video-preview":"max-video-preview:-1"},"canonical":"https:\/\/nirigs.com\/ar\/product\/cantu-shea-butter-coconut-curl-cream-709-gr\/","og_locale":"ar_AR","og_type":"article","og_title":"Cantu Shea Butter - Cr\u00e8me boucles \u00e0 la noix de coco - 709 g - NIRIGS","og_description":"Pour boucles naturelles, bobines et vagues","og_url":"https:\/\/nirigs.com\/ar\/product\/cantu-shea-butter-coconut-curl-cream-709-gr\/","og_site_name":"NIRIGS","article_modified_time":"2026-02-24T18:15:05+00:00","og_image":[{"width":1000,"height":1000,"url":"https:\/\/nirigs.com\/wp-content\/uploads\/2023\/12\/Cantu-Shea-Butter-\u2013-Creme-boucles-a-la-noix-de-coco-\u2013-709-g-4.jpg","type":"image\/jpeg"}],"twitter_card":"summary_large_image","twitter_misc":{"\u0648\u0642\u062a \u0627\u0644\u0642\u0631\u0627\u0621\u0629 \u0627\u0644\u0645\u064f\u0642\u062f\u0651\u0631":"\u062f\u0642\u064a\u0642\u062a\u0627\u0646"},"schema":{"@context":"https:\/\/schema.org","@graph":[{"@type":"WebPage","@id":"https:\/\/nirigs.com\/product\/cantu-shea-butter-coconut-curl-cream-709-gr\/","url":"https:\/\/nirigs.com\/product\/cantu-shea-butter-coconut-curl-cream-709-gr\/","name":"Cantu Shea Butter - Cr\u00e8me boucles \u00e0 la noix de coco - 709 g - NIRIGS","isPartOf":{"@id":"https:\/\/nirigs.com\/#website"},"primaryImageOfPage":{"@id":"https:\/\/nirigs.com\/product\/cantu-shea-butter-coconut-curl-cream-709-gr\/#primaryimage"},"image":{"@id":"https:\/\/nirigs.com\/product\/cantu-shea-butter-coconut-curl-cream-709-gr\/#primaryimage"},"thumbnailUrl":"https:\/\/nirigs.com\/wp-content\/uploads\/2023\/12\/Cantu-Shea-Butter-\u2013-Creme-boucles-a-la-noix-de-coco-\u2013-709-g-4.jpg","datePublished":"2023-12-02T23:10:33+00:00","dateModified":"2026-02-24T18:15:05+00:00","breadcrumb":{"@id":"https:\/\/nirigs.com\/product\/cantu-shea-butter-coconut-curl-cream-709-gr\/#breadcrumb"},"inLanguage":"ar","potentialAction":[{"@type":"ReadAction","target":["https:\/\/nirigs.com\/product\/cantu-shea-butter-coconut-curl-cream-709-gr\/"]}]},{"@type":"ImageObject","inLanguage":"ar","@id":"https:\/\/nirigs.com\/product\/cantu-shea-butter-coconut-curl-cream-709-gr\/#primaryimage","url":"https:\/\/nirigs.com\/wp-content\/uploads\/2023\/12\/Cantu-Shea-Butter-\u2013-Creme-boucles-a-la-noix-de-coco-\u2013-709-g-4.jpg","contentUrl":"https:\/\/nirigs.com\/wp-content\/uploads\/2023\/12\/Cantu-Shea-Butter-\u2013-Creme-boucles-a-la-noix-de-coco-\u2013-709-g-4.jpg","width":1000,"height":1000},{"@type":"BreadcrumbList","@id":"https:\/\/nirigs.com\/product\/cantu-shea-butter-coconut-curl-cream-709-gr\/#breadcrumb","itemListElement":[{"@type":"ListItem","position":1,"name":"Home","item":"https:\/\/nirigs.com\/"},{"@type":"ListItem","position":2,"name":"Parcourir","item":"https:\/\/nirigs.com\/boutique\/"},{"@type":"ListItem","position":3,"name":"Cantu Shea Butter &#8211; Cr\u00e8me boucles \u00e0 la noix de coco &#8211; 709 g"}]},{"@type":"WebSite","@id":"https:\/\/nirigs.com\/#website","url":"https:\/\/nirigs.com\/","name":"Nirigs.com","description":"Simplifiez vos achats du quotidien \u00e0 Djibouti","publisher":{"@id":"https:\/\/nirigs.com\/#organization"},"potentialAction":[{"@type":"SearchAction","target":{"@type":"EntryPoint","urlTemplate":"https:\/\/nirigs.com\/?s={search_term_string}"},"query-input":{"@type":"PropertyValueSpecification","valueRequired":true,"valueName":"search_term_string"}}],"inLanguage":"ar"},{"@type":"Organization","@id":"https:\/\/nirigs.com\/#organization","name":"\u0646\u064a\u0631\u064a\u062c\u0633","url":"https:\/\/nirigs.com\/","logo":{"@type":"ImageObject","inLanguage":"ar","@id":"https:\/\/nirigs.com\/#\/schema\/logo\/image\/","url":"https:\/\/nirigs.com\/wp-content\/uploads\/2025\/04\/Design-sans-titre-27.png","contentUrl":"https:\/\/nirigs.com\/wp-content\/uploads\/2025\/04\/Design-sans-titre-27.png","width":500,"height":500,"caption":"Nirigs"},"image":{"@id":"https:\/\/nirigs.com\/#\/schema\/logo\/image\/"}}]}},"brands":[{"id":758,"name":"\u0643\u0627\u0646\u062a\u0648","slug":"cantu"}],"_links":{"self":[{"href":"https:\/\/nirigs.com\/ar\/wp-json\/wp\/v2\/product\/16883","targetHints":{"allow":["GET"]}}],"collection":[{"href":"https:\/\/nirigs.com\/ar\/wp-json\/wp\/v2\/product"}],"about":[{"href":"https:\/\/nirigs.com\/ar\/wp-json\/wp\/v2\/types\/product"}],"replies":[{"embeddable":true,"href":"https:\/\/nirigs.com\/ar\/wp-json\/wp\/v2\/comments?post=16883"}],"version-history":[{"count":8,"href":"https:\/\/nirigs.com\/ar\/wp-json\/wp\/v2\/product\/16883\/revisions"}],"predecessor-version":[{"id":24827,"href":"https:\/\/nirigs.com\/ar\/wp-json\/wp\/v2\/product\/16883\/revisions\/24827"}],"wp:featuredmedia":[{"embeddable":true,"href":"https:\/\/nirigs.com\/ar\/wp-json\/wp\/v2\/media\/24846"}],"wp:attachment":[{"href":"https:\/\/nirigs.com\/ar\/wp-json\/wp\/v2\/media?parent=16883"}],"wp:term":[{"taxonomy":"pwb-brand","embeddable":true,"href":"https:\/\/nirigs.com\/ar\/wp-json\/wp\/v2\/pwb-brand?post=16883"},{"taxonomy":"product_brand","embeddable":true,"href":"https:\/\/nirigs.com\/ar\/wp-json\/wp\/v2\/product_brand?post=16883"},{"taxonomy":"product_cat","embeddable":true,"href":"https:\/\/nirigs.com\/ar\/wp-json\/wp\/v2\/product_cat?post=16883"},{"taxonomy":"product_tag","embeddable":true,"href":"https:\/\/nirigs.com\/ar\/wp-json\/wp\/v2\/product_tag?post=16883"}],"curies":[{"name":"wp","href":"https:\/\/api.w.org\/{rel}","templated":true}]}}