{"id":16874,"date":"2023-12-03T01:32:36","date_gmt":"2023-12-02T22:32:36","guid":{"rendered":"https:\/\/nirigs.com\/product\/mielle-fortifying-oil-with-mint-and-rosemary-infused-with-biotin-59-ml\/"},"modified":"2025-03-16T11:08:24","modified_gmt":"2025-03-16T08:08:24","slug":"mielle-fortifying-oil-with-mint-and-rosemary-infused-with-biotin-59-ml","status":"publish","type":"product","link":"https:\/\/nirigs.com\/ar\/product\/mielle-fortifying-oil-with-mint-and-rosemary-infused-with-biotin-59-ml\/","title":{"rendered":"\u0645\u064a\u0644\u064a \u2013 \u0632\u064a\u062a \u0645\u0642\u0648\u064a \u0628\u0627\u0644\u0646\u0639\u0646\u0627\u0639 \u0648\u0625\u0643\u0644\u064a\u0644 \u0627\u0644\u062c\u0628\u0644 \u2013 \u0645\u0645\u0644\u0648\u0621 \u0628\u0627\u0644\u0628\u064a\u0648\u062a\u064a\u0646 \u2013 59 \u0645\u0644"},"content":{"rendered":"<p><span class=\"a-list-item\">Notre huile fortifiante polyvalente \u00e0 la menthe romarin pour le cuir chevelu et les cheveux favorise les cheveux radieux pour tous les types de cheveux et nourrit en profondeur les types de 3A \u00e0 4C, les cheveux trait\u00e9s chimiquement, les tresses, les tissus et les cheveux \u00e0 un niveau faible et \u00e9lev\u00e9 de porosit\u00e9.<\/span><\/p>\n<p><span class=\"a-list-item\">Notre traitement riche en nutriments et infus\u00e9 \u00e0 la biotine peut \u00eatre utilis\u00e9 dans le cadre de la routine quotidienne de soins capillaires ou comme un traitement intensif en profondeur pour \u00e9viter d&rsquo;endommager les cheveux forts et brillants avec un parfum frais et tonifiant.<\/span><\/p>\n<p><span class=\"a-list-item\">Mielle Organics vise \u00e0 donner aux femmes de tous les types de cheveux et styles avec des produits puissants et des ingr\u00e9dients d\u00e9licats et nous qui \u00e9largissent votre beaut\u00e9 naturelle et sont la racine des r\u00e9sultats qui vous permettent de para\u00eetre et de vous sentir mieux.<\/span><\/p>\n<h4>\u064a\u0633\u062a\u062e\u062f\u0645<\/h4>\n<p>* Traitement du cuir chevelu<\/p>\n<ul>\n<li>S\u00e9parez les cheveux en 4 parties exposant le cuir chevelu.<\/li>\n<li>Appliquez une petite quantit\u00e9 d\u2019huile sur le cuir chevelu, massez l\u2019huile avec les doigts et peignez jusqu\u2019aux pointes des cheveux.<\/li>\n<li>Laissez agir et coiffez comme vous le souhaitez.<\/li>\n<\/ul>\n<p>* Utilisation quotidienne<\/p>\n<ul>\n<li>Appliquer une petite quantit\u00e9 sur le cuir chevelu<\/li>\n<li>Peigner jusqu\u2019aux pointes.<\/li>\n<\/ul>\n<p>* Soin des pointes fourchues<\/p>\n<ul>\n<li>Appliquez de l\u2019huile sur les pointes des cheveux, placez un bonnet de traitement sur la t\u00eate<\/li>\n<li>Laissez agir pendant 10 minutes.<\/li>\n<li>Rincer et proc\u00e9der au shampooing.<\/li>\n<\/ul>\n<h4>\u0627\u0644\u0645\u0643\u0648\u0646<\/h4>\n<p>Glycine Soja (Soybean) Oil, Ricinus Communis (Castor) Seed Oil, Rosmarinus Officinalis (Rosemary) Leaf Oil, Simmondsia Chinensis (Jojoba) Seed Oil, Mentha Piperita (Peppermint) Oil, Eucalyptus Globolus (Eucalyptus) Leaf Oil, Menthol, Melalueca Alternifolia (Tea Tree) Leaf Oil, Cocos Nucifera (Coconut) Oil, Equisetum Arvense (Horsetail) Extract, Aloe Barbadensis Extract, Lavandula Angustifolia (Lavender) Oil, Triticum Vulgare (Wheat) Germ Oil, Carthamus Tinctorius (Safflower) Seed Oil, Oenothera Biennis (Evening Primrose) Oil, Vitis Vinifera (Grape) Seed Oil, Benzyl Nicotinate, Prunus Amygdalus Dulcis (Sweet Almond) Oil, Oryza Sativa (Rice) Bran Oil, Tocopheryl Acetate, Biotin, Arctium Lappa (Burdock) Root Extract, Glycerin, Apium Graveolens (Celery) Seed Extract, Cholecalciferol (Vitamin D), Ascorbic Acid, Ocimum, Basilicum (Basil) Oil, Pogostemon Cablin (Patchouli) Oil, Salvia Officinalis (Sage) Oil, Silica, Urtica Dioica (Nettle) Extract<\/p>","protected":false},"excerpt":{"rendered":"<p>Obtenez des cheveux plus longs, plus forts et plus sains avec cette huile capillaire biologique de Mielle.<\/p>","protected":false},"featured_media":24542,"comment_status":"open","ping_status":"closed","template":"","meta":[],"pwb-brand":[757],"product_brand":[],"product_cat":[267,1022,1023],"product_tag":[],"class_list":{"0":"post-16874","1":"product","2":"type-product","3":"status-publish","4":"has-post-thumbnail","6":"pwb-brand-mielle","7":"product_cat-beaute-et-soins","8":"product_cat-coiffures-et-soins-des-cheveux","9":"product_cat-huile-pour-cheveux","11":"first","12":"instock","13":"shipping-taxable","14":"purchasable","15":"product-type-simple"},"yoast_head":"<!-- This site is optimized with the Yoast SEO plugin v27.1.1 - https:\/\/yoast.com\/product\/yoast-seo-wordpress\/ -->\n<title>Mielle - Huile Fortifiante \u00e0 la Menthe et au Romarin - Infus\u00e9e \u00e0 la Biotine - 59 ml - NIRIGS<\/title>\n<meta name=\"robots\" content=\"index, follow, max-snippet:-1, max-image-preview:large, max-video-preview:-1\" \/>\n<link rel=\"canonical\" href=\"https:\/\/nirigs.com\/ar\/product\/mielle-fortifying-oil-with-mint-and-rosemary-infused-with-biotin-59-ml\/\" \/>\n<meta property=\"og:locale\" content=\"ar_AR\" \/>\n<meta property=\"og:type\" content=\"article\" \/>\n<meta property=\"og:title\" content=\"Mielle - Huile Fortifiante \u00e0 la Menthe et au Romarin - Infus\u00e9e \u00e0 la Biotine - 59 ml - NIRIGS\" \/>\n<meta property=\"og:description\" content=\"Obtenez des cheveux plus longs, plus forts et plus sains avec cette huile capillaire biologique de Mielle.\" \/>\n<meta property=\"og:url\" content=\"https:\/\/nirigs.com\/ar\/product\/mielle-fortifying-oil-with-mint-and-rosemary-infused-with-biotin-59-ml\/\" \/>\n<meta property=\"og:site_name\" content=\"NIRIGS\" \/>\n<meta property=\"article:modified_time\" content=\"2025-03-16T08:08:24+00:00\" \/>\n<meta property=\"og:image\" content=\"https:\/\/nirigs.com\/wp-content\/uploads\/2023\/12\/Mielle-\u2013-Huile-Fortifiante-a-la-Menthe-et-au-Romarin-\u2013-Infusee-a-la-Biotine-\u2013-59-ml.jpg\" \/>\n\t<meta property=\"og:image:width\" content=\"1000\" \/>\n\t<meta property=\"og:image:height\" content=\"1000\" \/>\n\t<meta property=\"og:image:type\" content=\"image\/jpeg\" \/>\n<meta name=\"twitter:card\" content=\"summary_large_image\" \/>\n<meta name=\"twitter:label1\" content=\"\u0648\u0642\u062a \u0627\u0644\u0642\u0631\u0627\u0621\u0629 \u0627\u0644\u0645\u064f\u0642\u062f\u0651\u0631\" \/>\n\t<meta name=\"twitter:data1\" content=\"\u062f\u0642\u064a\u0642\u062a\u0627\u0646\" \/>\n<script type=\"application\/ld+json\" class=\"yoast-schema-graph\">{\"@context\":\"https:\/\/schema.org\",\"@graph\":[{\"@type\":\"WebPage\",\"@id\":\"https:\/\/nirigs.com\/product\/mielle-fortifying-oil-with-mint-and-rosemary-infused-with-biotin-59-ml\/\",\"url\":\"https:\/\/nirigs.com\/product\/mielle-fortifying-oil-with-mint-and-rosemary-infused-with-biotin-59-ml\/\",\"name\":\"Mielle - Huile Fortifiante \u00e0 la Menthe et au Romarin - Infus\u00e9e \u00e0 la Biotine - 59 ml - NIRIGS\",\"isPartOf\":{\"@id\":\"https:\/\/nirigs.com\/#website\"},\"primaryImageOfPage\":{\"@id\":\"https:\/\/nirigs.com\/product\/mielle-fortifying-oil-with-mint-and-rosemary-infused-with-biotin-59-ml\/#primaryimage\"},\"image\":{\"@id\":\"https:\/\/nirigs.com\/product\/mielle-fortifying-oil-with-mint-and-rosemary-infused-with-biotin-59-ml\/#primaryimage\"},\"thumbnailUrl\":\"https:\/\/nirigs.com\/wp-content\/uploads\/2023\/12\/Mielle-\u2013-Huile-Fortifiante-a-la-Menthe-et-au-Romarin-\u2013-Infusee-a-la-Biotine-\u2013-59-ml.jpg\",\"datePublished\":\"2023-12-02T22:32:36+00:00\",\"dateModified\":\"2025-03-16T08:08:24+00:00\",\"breadcrumb\":{\"@id\":\"https:\/\/nirigs.com\/product\/mielle-fortifying-oil-with-mint-and-rosemary-infused-with-biotin-59-ml\/#breadcrumb\"},\"inLanguage\":\"ar\",\"potentialAction\":[{\"@type\":\"ReadAction\",\"target\":[\"https:\/\/nirigs.com\/product\/mielle-fortifying-oil-with-mint-and-rosemary-infused-with-biotin-59-ml\/\"]}]},{\"@type\":\"ImageObject\",\"inLanguage\":\"ar\",\"@id\":\"https:\/\/nirigs.com\/product\/mielle-fortifying-oil-with-mint-and-rosemary-infused-with-biotin-59-ml\/#primaryimage\",\"url\":\"https:\/\/nirigs.com\/wp-content\/uploads\/2023\/12\/Mielle-\u2013-Huile-Fortifiante-a-la-Menthe-et-au-Romarin-\u2013-Infusee-a-la-Biotine-\u2013-59-ml.jpg\",\"contentUrl\":\"https:\/\/nirigs.com\/wp-content\/uploads\/2023\/12\/Mielle-\u2013-Huile-Fortifiante-a-la-Menthe-et-au-Romarin-\u2013-Infusee-a-la-Biotine-\u2013-59-ml.jpg\",\"width\":1000,\"height\":1000},{\"@type\":\"BreadcrumbList\",\"@id\":\"https:\/\/nirigs.com\/product\/mielle-fortifying-oil-with-mint-and-rosemary-infused-with-biotin-59-ml\/#breadcrumb\",\"itemListElement\":[{\"@type\":\"ListItem\",\"position\":1,\"name\":\"Home\",\"item\":\"https:\/\/nirigs.com\/\"},{\"@type\":\"ListItem\",\"position\":2,\"name\":\"Parcourir\",\"item\":\"https:\/\/nirigs.com\/boutique\/\"},{\"@type\":\"ListItem\",\"position\":3,\"name\":\"Mielle &#8211; Huile Fortifiante \u00e0 la Menthe et au Romarin &#8211; Infus\u00e9e \u00e0 la Biotine &#8211; 59 ml\"}]},{\"@type\":\"WebSite\",\"@id\":\"https:\/\/nirigs.com\/#website\",\"url\":\"https:\/\/nirigs.com\/\",\"name\":\"Nirigs.com\",\"description\":\"Simplifiez vos achats du quotidien \u00e0 Djibouti\",\"publisher\":{\"@id\":\"https:\/\/nirigs.com\/#organization\"},\"potentialAction\":[{\"@type\":\"SearchAction\",\"target\":{\"@type\":\"EntryPoint\",\"urlTemplate\":\"https:\/\/nirigs.com\/?s={search_term_string}\"},\"query-input\":{\"@type\":\"PropertyValueSpecification\",\"valueRequired\":true,\"valueName\":\"search_term_string\"}}],\"inLanguage\":\"ar\"},{\"@type\":\"Organization\",\"@id\":\"https:\/\/nirigs.com\/#organization\",\"name\":\"Nirigs\",\"url\":\"https:\/\/nirigs.com\/\",\"logo\":{\"@type\":\"ImageObject\",\"inLanguage\":\"ar\",\"@id\":\"https:\/\/nirigs.com\/#\/schema\/logo\/image\/\",\"url\":\"https:\/\/nirigs.com\/wp-content\/uploads\/2025\/04\/Design-sans-titre-27.png\",\"contentUrl\":\"https:\/\/nirigs.com\/wp-content\/uploads\/2025\/04\/Design-sans-titre-27.png\",\"width\":500,\"height\":500,\"caption\":\"Nirigs\"},\"image\":{\"@id\":\"https:\/\/nirigs.com\/#\/schema\/logo\/image\/\"}}]}<\/script>\n<!-- \/ Yoast SEO plugin. -->","yoast_head_json":{"title":"Mielle - Huile Fortifiante \u00e0 la Menthe et au Romarin - Infus\u00e9e \u00e0 la Biotine - 59 ml - NIRIGS","robots":{"index":"index","follow":"follow","max-snippet":"max-snippet:-1","max-image-preview":"max-image-preview:large","max-video-preview":"max-video-preview:-1"},"canonical":"https:\/\/nirigs.com\/ar\/product\/mielle-fortifying-oil-with-mint-and-rosemary-infused-with-biotin-59-ml\/","og_locale":"ar_AR","og_type":"article","og_title":"Mielle - Huile Fortifiante \u00e0 la Menthe et au Romarin - Infus\u00e9e \u00e0 la Biotine - 59 ml - NIRIGS","og_description":"Obtenez des cheveux plus longs, plus forts et plus sains avec cette huile capillaire biologique de Mielle.","og_url":"https:\/\/nirigs.com\/ar\/product\/mielle-fortifying-oil-with-mint-and-rosemary-infused-with-biotin-59-ml\/","og_site_name":"NIRIGS","article_modified_time":"2025-03-16T08:08:24+00:00","og_image":[{"width":1000,"height":1000,"url":"https:\/\/nirigs.com\/wp-content\/uploads\/2023\/12\/Mielle-\u2013-Huile-Fortifiante-a-la-Menthe-et-au-Romarin-\u2013-Infusee-a-la-Biotine-\u2013-59-ml.jpg","type":"image\/jpeg"}],"twitter_card":"summary_large_image","twitter_misc":{"\u0648\u0642\u062a \u0627\u0644\u0642\u0631\u0627\u0621\u0629 \u0627\u0644\u0645\u064f\u0642\u062f\u0651\u0631":"\u062f\u0642\u064a\u0642\u062a\u0627\u0646"},"schema":{"@context":"https:\/\/schema.org","@graph":[{"@type":"WebPage","@id":"https:\/\/nirigs.com\/product\/mielle-fortifying-oil-with-mint-and-rosemary-infused-with-biotin-59-ml\/","url":"https:\/\/nirigs.com\/product\/mielle-fortifying-oil-with-mint-and-rosemary-infused-with-biotin-59-ml\/","name":"Mielle - Huile Fortifiante \u00e0 la Menthe et au Romarin - Infus\u00e9e \u00e0 la Biotine - 59 ml - NIRIGS","isPartOf":{"@id":"https:\/\/nirigs.com\/#website"},"primaryImageOfPage":{"@id":"https:\/\/nirigs.com\/product\/mielle-fortifying-oil-with-mint-and-rosemary-infused-with-biotin-59-ml\/#primaryimage"},"image":{"@id":"https:\/\/nirigs.com\/product\/mielle-fortifying-oil-with-mint-and-rosemary-infused-with-biotin-59-ml\/#primaryimage"},"thumbnailUrl":"https:\/\/nirigs.com\/wp-content\/uploads\/2023\/12\/Mielle-\u2013-Huile-Fortifiante-a-la-Menthe-et-au-Romarin-\u2013-Infusee-a-la-Biotine-\u2013-59-ml.jpg","datePublished":"2023-12-02T22:32:36+00:00","dateModified":"2025-03-16T08:08:24+00:00","breadcrumb":{"@id":"https:\/\/nirigs.com\/product\/mielle-fortifying-oil-with-mint-and-rosemary-infused-with-biotin-59-ml\/#breadcrumb"},"inLanguage":"ar","potentialAction":[{"@type":"ReadAction","target":["https:\/\/nirigs.com\/product\/mielle-fortifying-oil-with-mint-and-rosemary-infused-with-biotin-59-ml\/"]}]},{"@type":"ImageObject","inLanguage":"ar","@id":"https:\/\/nirigs.com\/product\/mielle-fortifying-oil-with-mint-and-rosemary-infused-with-biotin-59-ml\/#primaryimage","url":"https:\/\/nirigs.com\/wp-content\/uploads\/2023\/12\/Mielle-\u2013-Huile-Fortifiante-a-la-Menthe-et-au-Romarin-\u2013-Infusee-a-la-Biotine-\u2013-59-ml.jpg","contentUrl":"https:\/\/nirigs.com\/wp-content\/uploads\/2023\/12\/Mielle-\u2013-Huile-Fortifiante-a-la-Menthe-et-au-Romarin-\u2013-Infusee-a-la-Biotine-\u2013-59-ml.jpg","width":1000,"height":1000},{"@type":"BreadcrumbList","@id":"https:\/\/nirigs.com\/product\/mielle-fortifying-oil-with-mint-and-rosemary-infused-with-biotin-59-ml\/#breadcrumb","itemListElement":[{"@type":"ListItem","position":1,"name":"Home","item":"https:\/\/nirigs.com\/"},{"@type":"ListItem","position":2,"name":"Parcourir","item":"https:\/\/nirigs.com\/boutique\/"},{"@type":"ListItem","position":3,"name":"Mielle &#8211; Huile Fortifiante \u00e0 la Menthe et au Romarin &#8211; Infus\u00e9e \u00e0 la Biotine &#8211; 59 ml"}]},{"@type":"WebSite","@id":"https:\/\/nirigs.com\/#website","url":"https:\/\/nirigs.com\/","name":"Nirigs.com","description":"Simplifiez vos achats du quotidien \u00e0 Djibouti","publisher":{"@id":"https:\/\/nirigs.com\/#organization"},"potentialAction":[{"@type":"SearchAction","target":{"@type":"EntryPoint","urlTemplate":"https:\/\/nirigs.com\/?s={search_term_string}"},"query-input":{"@type":"PropertyValueSpecification","valueRequired":true,"valueName":"search_term_string"}}],"inLanguage":"ar"},{"@type":"Organization","@id":"https:\/\/nirigs.com\/#organization","name":"\u0646\u064a\u0631\u064a\u062c\u0633","url":"https:\/\/nirigs.com\/","logo":{"@type":"ImageObject","inLanguage":"ar","@id":"https:\/\/nirigs.com\/#\/schema\/logo\/image\/","url":"https:\/\/nirigs.com\/wp-content\/uploads\/2025\/04\/Design-sans-titre-27.png","contentUrl":"https:\/\/nirigs.com\/wp-content\/uploads\/2025\/04\/Design-sans-titre-27.png","width":500,"height":500,"caption":"Nirigs"},"image":{"@id":"https:\/\/nirigs.com\/#\/schema\/logo\/image\/"}}]}},"brands":[{"id":757,"name":"\u0645\u0639\u0633\u0644","slug":"mielle"}],"_links":{"self":[{"href":"https:\/\/nirigs.com\/ar\/wp-json\/wp\/v2\/product\/16874","targetHints":{"allow":["GET"]}}],"collection":[{"href":"https:\/\/nirigs.com\/ar\/wp-json\/wp\/v2\/product"}],"about":[{"href":"https:\/\/nirigs.com\/ar\/wp-json\/wp\/v2\/types\/product"}],"replies":[{"embeddable":true,"href":"https:\/\/nirigs.com\/ar\/wp-json\/wp\/v2\/comments?post=16874"}],"version-history":[{"count":6,"href":"https:\/\/nirigs.com\/ar\/wp-json\/wp\/v2\/product\/16874\/revisions"}],"predecessor-version":[{"id":24536,"href":"https:\/\/nirigs.com\/ar\/wp-json\/wp\/v2\/product\/16874\/revisions\/24536"}],"wp:featuredmedia":[{"embeddable":true,"href":"https:\/\/nirigs.com\/ar\/wp-json\/wp\/v2\/media\/24542"}],"wp:attachment":[{"href":"https:\/\/nirigs.com\/ar\/wp-json\/wp\/v2\/media?parent=16874"}],"wp:term":[{"taxonomy":"pwb-brand","embeddable":true,"href":"https:\/\/nirigs.com\/ar\/wp-json\/wp\/v2\/pwb-brand?post=16874"},{"taxonomy":"product_brand","embeddable":true,"href":"https:\/\/nirigs.com\/ar\/wp-json\/wp\/v2\/product_brand?post=16874"},{"taxonomy":"product_cat","embeddable":true,"href":"https:\/\/nirigs.com\/ar\/wp-json\/wp\/v2\/product_cat?post=16874"},{"taxonomy":"product_tag","embeddable":true,"href":"https:\/\/nirigs.com\/ar\/wp-json\/wp\/v2\/product_tag?post=16874"}],"curies":[{"name":"wp","href":"https:\/\/api.w.org\/{rel}","templated":true}]}}